{"id":736,"date":"2021-03-28T12:33:39","date_gmt":"2021-03-28T10:33:39","guid":{"rendered":"http:\/\/www.tartufissimo.be\/?page_id=736"},"modified":"2021-05-05T16:53:14","modified_gmt":"2021-05-05T14:53:14","slug":"focaccia","status":"publish","type":"page","link":"http:\/\/www.tartufissimo.be\/index.php\/recettes\/focaccia\/","title":{"rendered":"Focaccia \u00e0 la tapenade"},"content":{"rendered":"\t\t<div data-elementor-type=\"wp-page\" data-elementor-id=\"736\" class=\"elementor elementor-736\">\n\t\t\t\t\t\t\t\t\t<section class=\"elementor-section elementor-top-section elementor-element elementor-element-0539c6c elementor-section-height-min-height elementor-section-boxed elementor-section-height-default elementor-section-items-middle\" data-id=\"0539c6c\" data-element_type=\"section\" data-settings=\"{&quot;background_background&quot;:&quot;classic&quot;}\">\n\t\t\t\t\t\t\t<div class=\"elementor-background-overlay\"><\/div>\n\t\t\t\t\t\t\t<div class=\"elementor-container elementor-column-gap-default\">\n\t\t\t\t\t<div class=\"elementor-column elementor-col-100 elementor-top-column elementor-element elementor-element-189b7a2\" data-id=\"189b7a2\" data-element_type=\"column\">\n\t\t\t<div class=\"elementor-widget-wrap\">\n\t\t\t\t\t\t\t\t\t<\/div>\n\t\t<\/div>\n\t\t\t\t\t\t\t<\/div>\n\t\t<\/section>\n\t\t\t\t<section class=\"elementor-section elementor-top-section elementor-element elementor-element-4e522e1 elementor-section-boxed elementor-section-height-default elementor-section-height-default\" data-id=\"4e522e1\" data-element_type=\"section\" data-settings=\"{&quot;background_background&quot;:&quot;classic&quot;}\">\n\t\t\t\t\t\t<div class=\"elementor-container elementor-column-gap-default\">\n\t\t\t\t\t<div class=\"elementor-column elementor-col-100 elementor-top-column elementor-element elementor-element-fb8718e\" data-id=\"fb8718e\" data-element_type=\"column\">\n\t\t\t<div class=\"elementor-widget-wrap elementor-element-populated\">\n\t\t\t\t\t\t\t\t<section class=\"elementor-section elementor-inner-section elementor-element elementor-element-e20e0eb elementor-section-boxed elementor-section-height-default elementor-section-height-default\" data-id=\"e20e0eb\" data-element_type=\"section\" data-settings=\"{&quot;background_background&quot;:&quot;classic&quot;}\">\n\t\t\t\t\t\t<div class=\"elementor-container elementor-column-gap-default\">\n\t\t\t\t\t<div class=\"elementor-column elementor-col-100 elementor-inner-column elementor-element elementor-element-685cf61\" data-id=\"685cf61\" data-element_type=\"column\">\n\t\t\t<div class=\"elementor-widget-wrap elementor-element-populated\">\n\t\t\t\t\t\t\t\t<div class=\"elementor-element elementor-element-b7ff344 elementor-widget elementor-widget-heading\" data-id=\"b7ff344\" data-element_type=\"widget\" data-widget_type=\"heading.default\">\n\t\t\t\t<div class=\"elementor-widget-container\">\n\t\t\t<h1 class=\"elementor-heading-title elementor-size-default\">Focaccia \u00e0 la cr\u00e8me de Funghi Porcini & truffe blanche \u2013 Chips de Prosciutto crudo<\/h1>\t\t<\/div>\n\t\t\t\t<\/div>\n\t\t\t\t<div class=\"elementor-element elementor-element-666e052 elementor-widget-divider--view-line elementor-widget elementor-widget-divider\" data-id=\"666e052\" data-element_type=\"widget\" data-widget_type=\"divider.default\">\n\t\t\t\t<div class=\"elementor-widget-container\">\n\t\t\t\t\t<div class=\"elementor-divider\">\n\t\t\t<span class=\"elementor-divider-separator\">\n\t\t\t\t\t\t<\/span>\n\t\t<\/div>\n\t\t\t\t<\/div>\n\t\t\t\t<\/div>\n\t\t\t\t<div class=\"elementor-element elementor-element-1d023d1 elementor-widget elementor-widget-text-editor\" data-id=\"1d023d1\" data-element_type=\"widget\" data-widget_type=\"text-editor.default\">\n\t\t\t\t<div class=\"elementor-widget-container\">\n\t\t\t\t\t\t\t<p>Mise en bouche<\/p><p>10 minutes<\/p><p>2 personnes<\/p>\t\t\t\t\t\t<\/div>\n\t\t\t\t<\/div>\n\t\t\t\t<div class=\"elementor-element elementor-element-1f2d092 elementor-widget-divider--view-line elementor-widget elementor-widget-divider\" data-id=\"1f2d092\" data-element_type=\"widget\" data-widget_type=\"divider.default\">\n\t\t\t\t<div class=\"elementor-widget-container\">\n\t\t\t\t\t<div class=\"elementor-divider\">\n\t\t\t<span class=\"elementor-divider-separator\">\n\t\t\t\t\t\t<\/span>\n\t\t<\/div>\n\t\t\t\t<\/div>\n\t\t\t\t<\/div>\n\t\t\t\t<div class=\"elementor-element elementor-element-a4a74a1 elementor-widget elementor-widget-heading\" data-id=\"a4a74a1\" data-element_type=\"widget\" data-widget_type=\"heading.default\">\n\t\t\t\t<div class=\"elementor-widget-container\">\n\t\t\t<h3 class=\"elementor-heading-title elementor-size-default\">Ingr\u00e9dients<\/h3>\t\t<\/div>\n\t\t\t\t<\/div>\n\t\t\t\t<div class=\"elementor-element elementor-element-6d02adc elementor-widget elementor-widget-text-editor\" data-id=\"6d02adc\" data-element_type=\"widget\" data-widget_type=\"text-editor.default\">\n\t\t\t\t<div class=\"elementor-widget-container\">\n\t\t\t\t\t\t\t<ul><li>Une foccacia de votre choix (ici romarin &amp; huile d\u2019olive)<\/li><li>2 cuill\u00e8res \u00e0 caf\u00e9 de cr\u00e8me de Funghi Porcini &amp; truffe blanche Tartufissimo<\/li><li>1 tranche de jambon italien<\/li><\/ul>\t\t\t\t\t\t<\/div>\n\t\t\t\t<\/div>\n\t\t\t\t<div class=\"elementor-element elementor-element-cb39229 elementor-widget elementor-widget-heading\" data-id=\"cb39229\" data-element_type=\"widget\" data-widget_type=\"heading.default\">\n\t\t\t\t<div class=\"elementor-widget-container\">\n\t\t\t<h3 class=\"elementor-heading-title elementor-size-default\">Pr\u00e9paration<\/h3>\t\t<\/div>\n\t\t\t\t<\/div>\n\t\t\t\t<div class=\"elementor-element elementor-element-fafc36a elementor-widget elementor-widget-text-editor\" data-id=\"fafc36a\" data-element_type=\"widget\" data-widget_type=\"text-editor.default\">\n\t\t\t\t<div class=\"elementor-widget-container\">\n\t\t\t\t\t\t\t<ul><li>Faire chauffer la focaccia au four ou \u00e0 la po\u00eale afin de la rendre croustillante \u00e0 l\u2019ext\u00e9rieur et moelleuse \u00e0 l\u2019int\u00e9rieur (5 minutes \u00e0 180\u00b0)<\/li><li>D\u00e9coupez la focaccia selon vos go\u00fbts et tartinez la cr\u00e8me de Funghi Porcini &amp; truffe blanche par-dessus<\/li><li>Y d\u00e9poser le chip de jambon italien, pr\u00e9alablement chauff\u00e9 et grill\u00e9 sans mati\u00e8re grasse dans une po\u00eale bien chaude<\/li><li>Dressez et d\u00e9gustez aussit\u00f4t\u00a0!<\/li><\/ul>\t\t\t\t\t\t<\/div>\n\t\t\t\t<\/div>\n\t\t\t\t<div class=\"elementor-element elementor-element-889c3bd elementor-arrows-position-inside elementor-pagination-position-outside elementor-widget elementor-widget-image-carousel\" data-id=\"889c3bd\" data-element_type=\"widget\" data-settings=\"{&quot;image_spacing_custom&quot;:{&quot;unit&quot;:&quot;px&quot;,&quot;size&quot;:0,&quot;sizes&quot;:[]},&quot;navigation&quot;:&quot;both&quot;,&quot;autoplay&quot;:&quot;yes&quot;,&quot;pause_on_hover&quot;:&quot;yes&quot;,&quot;pause_on_interaction&quot;:&quot;yes&quot;,&quot;autoplay_speed&quot;:5000,&quot;infinite&quot;:&quot;yes&quot;,&quot;speed&quot;:500}\" data-widget_type=\"image-carousel.default\">\n\t\t\t\t<div class=\"elementor-widget-container\">\n\t\t\t\t\t<div class=\"elementor-image-carousel-wrapper swiper-container\" dir=\"ltr\">\n\t\t\t<div class=\"elementor-image-carousel swiper-wrapper\">\n\t\t\t\t\t\t\t\t<div class=\"swiper-slide\"><figure class=\"swiper-slide-inner\"><img class=\"swiper-slide-image\" src=\"http:\/\/www.tartufissimo.be\/wp-content\/uploads\/2021\/03\/DSC02758-240x300.jpg\" alt=\"Focaccia 1\" \/><\/figure><\/div><div class=\"swiper-slide\"><figure class=\"swiper-slide-inner\"><img class=\"swiper-slide-image\" src=\"http:\/\/www.tartufissimo.be\/wp-content\/uploads\/2021\/03\/DSC02760-240x300.jpg\" alt=\"Focaccia 2\" \/><\/figure><\/div><div class=\"swiper-slide\"><figure class=\"swiper-slide-inner\"><img class=\"swiper-slide-image\" src=\"http:\/\/www.tartufissimo.be\/wp-content\/uploads\/2021\/03\/DSC02769-240x300.jpg\" alt=\"Focaccia 3\" \/><\/figure><\/div><div class=\"swiper-slide\"><figure class=\"swiper-slide-inner\"><img class=\"swiper-slide-image\" src=\"http:\/\/www.tartufissimo.be\/wp-content\/uploads\/2021\/03\/DSC02772-240x300.jpg\" alt=\"Focaccia 4\" \/><\/figure><\/div>\t\t\t<\/div>\n\t\t\t\t\t\t\t\t\t\t\t\t<div class=\"swiper-pagination\"><\/div>\n\t\t\t\t\t\t\t\t\t\t\t\t\t<div class=\"elementor-swiper-button elementor-swiper-button-prev\">\n\t\t\t\t\t\t<i aria-hidden=\"true\" class=\"eicon-chevron-left\"><\/i>\t\t\t\t\t\t<span class=\"elementor-screen-only\">Pr\u00e9c\u00e9dent<\/span>\n\t\t\t\t\t<\/div>\n\t\t\t\t\t<div class=\"elementor-swiper-button elementor-swiper-button-next\">\n\t\t\t\t\t\t<i aria-hidden=\"true\" class=\"eicon-chevron-right\"><\/i>\t\t\t\t\t\t<span class=\"elementor-screen-only\">Suivant<\/span>\n\t\t\t\t\t<\/div>\n\t\t\t\t\t\t\t\t\t<\/div>\n\t\t\t\t<\/div>\n\t\t\t\t<\/div>\n\t\t\t\t\t<\/div>\n\t\t<\/div>\n\t\t\t\t\t\t\t<\/div>\n\t\t<\/section>\n\t\t\t\t\t<\/div>\n\t\t<\/div>\n\t\t\t\t\t\t\t<\/div>\n\t\t<\/section>\n\t\t\t\t\t\t\t<\/div>\n\t\t","protected":false},"excerpt":{"rendered":"<p>Focaccia \u00e0 la cr\u00e8me de Funghi Porcini &#038; truffe blanche \u2013 Chips de Prosciutto crudo Mise en bouche 10 minutes 2 personnes Ingr\u00e9dients Une foccacia de votre choix (ici romarin &amp; huile d\u2019olive) 2 cuill\u00e8res \u00e0 caf\u00e9 de cr\u00e8me de Funghi Porcini &amp; truffe blanche Tartufissimo 1 tranche de jambon italien Pr\u00e9paration Faire chauffer la [&hellip;]<\/p>\n","protected":false},"author":1,"featured_media":0,"parent":590,"menu_order":0,"comment_status":"closed","ping_status":"closed","template":"","meta":{"_monsterinsights_skip_tracking":false,"_monsterinsights_sitenote_active":false,"_monsterinsights_sitenote_note":"","_monsterinsights_sitenote_category":0},"yoast_head":"<!-- This site is optimized with the Yoast SEO plugin v16.3 - https:\/\/yoast.com\/wordpress\/plugins\/seo\/ -->\n<title>Focaccia \u00e0 la tapenade - Tartufissimo<\/title>\n<meta name=\"robots\" content=\"index, follow, max-snippet:-1, max-image-preview:large, max-video-preview:-1\" \/>\n<link rel=\"canonical\" href=\"http:\/\/www.tartufissimo.be\/index.php\/recettes\/focaccia\/\" \/>\n<meta name=\"twitter:card\" content=\"summary_large_image\" \/>\n<meta name=\"twitter:title\" content=\"Focaccia \u00e0 la tapenade - Tartufissimo\" \/>\n<meta name=\"twitter:description\" content=\"Focaccia \u00e0 la cr\u00e8me de Funghi Porcini &#038; truffe blanche \u2013 Chips de Prosciutto crudo Mise en bouche 10 minutes 2 personnes Ingr\u00e9dients Une foccacia de votre choix (ici romarin &amp; huile d\u2019olive) 2 cuill\u00e8res \u00e0 caf\u00e9 de cr\u00e8me de Funghi Porcini &amp; truffe blanche Tartufissimo 1 tranche de jambon italien Pr\u00e9paration Faire chauffer la [&hellip;]\" \/>\n<meta name=\"twitter:image\" content=\"http:\/\/www.tartufissimo.be\/wp-content\/uploads\/2021\/03\/DSC02758-240x300.jpg\" \/>\n<meta name=\"twitter:label1\" content=\"Dur\u00e9e de lecture est.\">\n\t<meta name=\"twitter:data1\" content=\"1 minute\">\n<script type=\"application\/ld+json\" class=\"yoast-schema-graph\">{\"@context\":\"https:\/\/schema.org\",\"@graph\":[{\"@type\":\"Organization\",\"@id\":\"http:\/\/www.tartufissimo.be\/#organization\",\"name\":\"Tartufissimo\",\"url\":\"http:\/\/www.tartufissimo.be\/\",\"sameAs\":[\"https:\/\/www.facebook.com\/Tartufissimo-100876648828004\",\"https:\/\/www.instagram.com\/tartufissimocm\/\"],\"logo\":{\"@type\":\"ImageObject\",\"@id\":\"http:\/\/www.tartufissimo.be\/#logo\",\"inLanguage\":\"fr-FR\",\"url\":\"http:\/\/www.tartufissimo.be\/wp-content\/uploads\/2021\/05\/tartufissmo-fond-fonce\\u0301.png\",\"contentUrl\":\"http:\/\/www.tartufissimo.be\/wp-content\/uploads\/2021\/05\/tartufissmo-fond-fonce\\u0301.png\",\"width\":1701,\"height\":418,\"caption\":\"Tartufissimo\"},\"image\":{\"@id\":\"http:\/\/www.tartufissimo.be\/#logo\"}},{\"@type\":\"WebSite\",\"@id\":\"http:\/\/www.tartufissimo.be\/#website\",\"url\":\"http:\/\/www.tartufissimo.be\/\",\"name\":\"Tartufissimo\",\"description\":\"Vente de truffes fra\\u00eeches et produits d\\u00e9riv\\u00e9s d&#039;exception\",\"publisher\":{\"@id\":\"http:\/\/www.tartufissimo.be\/#organization\"},\"potentialAction\":[{\"@type\":\"SearchAction\",\"target\":\"http:\/\/www.tartufissimo.be\/?s={search_term_string}\",\"query-input\":\"required name=search_term_string\"}],\"inLanguage\":\"fr-FR\"},{\"@type\":\"ImageObject\",\"@id\":\"http:\/\/www.tartufissimo.be\/index.php\/recettes\/focaccia\/#primaryimage\",\"inLanguage\":\"fr-FR\",\"url\":\"http:\/\/www.tartufissimo.be\/wp-content\/uploads\/2021\/03\/DSC02758-240x300.jpg\",\"contentUrl\":\"http:\/\/www.tartufissimo.be\/wp-content\/uploads\/2021\/03\/DSC02758-240x300.jpg\"},{\"@type\":\"WebPage\",\"@id\":\"http:\/\/www.tartufissimo.be\/index.php\/recettes\/focaccia\/#webpage\",\"url\":\"http:\/\/www.tartufissimo.be\/index.php\/recettes\/focaccia\/\",\"name\":\"Focaccia \\u00e0 la tapenade - Tartufissimo\",\"isPartOf\":{\"@id\":\"http:\/\/www.tartufissimo.be\/#website\"},\"primaryImageOfPage\":{\"@id\":\"http:\/\/www.tartufissimo.be\/index.php\/recettes\/focaccia\/#primaryimage\"},\"datePublished\":\"2021-03-28T10:33:39+00:00\",\"dateModified\":\"2021-05-05T14:53:14+00:00\",\"breadcrumb\":{\"@id\":\"http:\/\/www.tartufissimo.be\/index.php\/recettes\/focaccia\/#breadcrumb\"},\"inLanguage\":\"fr-FR\",\"potentialAction\":[{\"@type\":\"ReadAction\",\"target\":[\"http:\/\/www.tartufissimo.be\/index.php\/recettes\/focaccia\/\"]}]},{\"@type\":\"BreadcrumbList\",\"@id\":\"http:\/\/www.tartufissimo.be\/index.php\/recettes\/focaccia\/#breadcrumb\",\"itemListElement\":[{\"@type\":\"ListItem\",\"position\":1,\"item\":{\"@type\":\"WebPage\",\"@id\":\"http:\/\/www.tartufissimo.be\/\",\"url\":\"http:\/\/www.tartufissimo.be\/\",\"name\":\"Accueil\"}},{\"@type\":\"ListItem\",\"position\":2,\"item\":{\"@type\":\"WebPage\",\"@id\":\"http:\/\/www.tartufissimo.be\/index.php\/recettes\/\",\"url\":\"http:\/\/www.tartufissimo.be\/index.php\/recettes\/\",\"name\":\"Id\\u00e9es Recettes\"}},{\"@type\":\"ListItem\",\"position\":3,\"item\":{\"@id\":\"http:\/\/www.tartufissimo.be\/index.php\/recettes\/focaccia\/#webpage\"}}]}]}<\/script>\n<!-- \/ Yoast SEO plugin. -->","_links":{"self":[{"href":"http:\/\/www.tartufissimo.be\/index.php\/wp-json\/wp\/v2\/pages\/736"}],"collection":[{"href":"http:\/\/www.tartufissimo.be\/index.php\/wp-json\/wp\/v2\/pages"}],"about":[{"href":"http:\/\/www.tartufissimo.be\/index.php\/wp-json\/wp\/v2\/types\/page"}],"author":[{"embeddable":true,"href":"http:\/\/www.tartufissimo.be\/index.php\/wp-json\/wp\/v2\/users\/1"}],"replies":[{"embeddable":true,"href":"http:\/\/www.tartufissimo.be\/index.php\/wp-json\/wp\/v2\/comments?post=736"}],"version-history":[{"count":50,"href":"http:\/\/www.tartufissimo.be\/index.php\/wp-json\/wp\/v2\/pages\/736\/revisions"}],"predecessor-version":[{"id":1970,"href":"http:\/\/www.tartufissimo.be\/index.php\/wp-json\/wp\/v2\/pages\/736\/revisions\/1970"}],"up":[{"embeddable":true,"href":"http:\/\/www.tartufissimo.be\/index.php\/wp-json\/wp\/v2\/pages\/590"}],"wp:attachment":[{"href":"http:\/\/www.tartufissimo.be\/index.php\/wp-json\/wp\/v2\/media?parent=736"}],"curies":[{"name":"wp","href":"https:\/\/api.w.org\/{rel}","templated":true}]}}