{"id":832,"date":"2021-03-28T14:51:10","date_gmt":"2021-03-28T12:51:10","guid":{"rendered":"http:\/\/www.tartufissimo.be\/?page_id=832"},"modified":"2021-05-14T12:28:43","modified_gmt":"2021-05-14T10:28:43","slug":"tagliata-boeuf","status":"publish","type":"page","link":"http:\/\/www.tartufissimo.be\/index.php\/recettes\/tagliata-boeuf\/","title":{"rendered":"Tagliata de boeuf"},"content":{"rendered":"\t\t<div data-elementor-type=\"wp-page\" data-elementor-id=\"832\" class=\"elementor elementor-832\">\n\t\t\t\t\t\t\t\t\t<section class=\"elementor-section elementor-top-section elementor-element elementor-element-d0358bf elementor-section-height-min-height elementor-section-boxed elementor-section-height-default elementor-section-items-middle\" data-id=\"d0358bf\" data-element_type=\"section\" data-settings=\"{&quot;background_background&quot;:&quot;classic&quot;}\">\n\t\t\t\t\t\t\t<div class=\"elementor-background-overlay\"><\/div>\n\t\t\t\t\t\t\t<div class=\"elementor-container elementor-column-gap-default\">\n\t\t\t\t\t<div class=\"elementor-column elementor-col-100 elementor-top-column elementor-element elementor-element-6f59ff07\" data-id=\"6f59ff07\" data-element_type=\"column\">\n\t\t\t<div class=\"elementor-widget-wrap\">\n\t\t\t\t\t\t\t\t\t<\/div>\n\t\t<\/div>\n\t\t\t\t\t\t\t<\/div>\n\t\t<\/section>\n\t\t\t\t<section class=\"elementor-section elementor-top-section elementor-element elementor-element-cd5c4c3 elementor-section-boxed elementor-section-height-default elementor-section-height-default\" data-id=\"cd5c4c3\" data-element_type=\"section\" data-settings=\"{&quot;background_background&quot;:&quot;classic&quot;}\">\n\t\t\t\t\t\t<div class=\"elementor-container elementor-column-gap-default\">\n\t\t\t\t\t<div class=\"elementor-column elementor-col-100 elementor-top-column elementor-element elementor-element-bd6815d\" data-id=\"bd6815d\" data-element_type=\"column\">\n\t\t\t<div class=\"elementor-widget-wrap elementor-element-populated\">\n\t\t\t\t\t\t\t\t<section class=\"elementor-section elementor-inner-section elementor-element elementor-element-66e0411c elementor-section-boxed elementor-section-height-default elementor-section-height-default\" data-id=\"66e0411c\" data-element_type=\"section\" data-settings=\"{&quot;background_background&quot;:&quot;classic&quot;}\">\n\t\t\t\t\t\t<div class=\"elementor-container elementor-column-gap-default\">\n\t\t\t\t\t<div class=\"elementor-column elementor-col-100 elementor-inner-column elementor-element elementor-element-288d7bd2\" data-id=\"288d7bd2\" data-element_type=\"column\">\n\t\t\t<div class=\"elementor-widget-wrap elementor-element-populated\">\n\t\t\t\t\t\t\t\t<div class=\"elementor-element elementor-element-5f45a4e1 elementor-widget elementor-widget-heading\" data-id=\"5f45a4e1\" data-element_type=\"widget\" data-widget_type=\"heading.default\">\n\t\t\t\t<div class=\"elementor-widget-container\">\n\t\t\t<h1 class=\"elementor-heading-title elementor-size-default\">Tagliata de b\u0153uf & tagliatelles \u00e0 l\u2019huile d'olive ar\u00f4me truffe blanche & copeaux de truffe noire<\/h1>\t\t<\/div>\n\t\t\t\t<\/div>\n\t\t\t\t<div class=\"elementor-element elementor-element-719c7cbb elementor-widget-divider--view-line elementor-widget elementor-widget-divider\" data-id=\"719c7cbb\" data-element_type=\"widget\" data-widget_type=\"divider.default\">\n\t\t\t\t<div class=\"elementor-widget-container\">\n\t\t\t\t\t<div class=\"elementor-divider\">\n\t\t\t<span class=\"elementor-divider-separator\">\n\t\t\t\t\t\t<\/span>\n\t\t<\/div>\n\t\t\t\t<\/div>\n\t\t\t\t<\/div>\n\t\t\t\t<div class=\"elementor-element elementor-element-11e2a49 elementor-widget elementor-widget-text-editor\" data-id=\"11e2a49\" data-element_type=\"widget\" data-widget_type=\"text-editor.default\">\n\t\t\t\t<div class=\"elementor-widget-container\">\n\t\t\t\t\t\t\t<p>Secondo<\/p><p>50 minutes<\/p><p>2 personnes<\/p>\t\t\t\t\t\t<\/div>\n\t\t\t\t<\/div>\n\t\t\t\t<div class=\"elementor-element elementor-element-1dc59d1a elementor-widget-divider--view-line elementor-widget elementor-widget-divider\" data-id=\"1dc59d1a\" data-element_type=\"widget\" data-widget_type=\"divider.default\">\n\t\t\t\t<div class=\"elementor-widget-container\">\n\t\t\t\t\t<div class=\"elementor-divider\">\n\t\t\t<span class=\"elementor-divider-separator\">\n\t\t\t\t\t\t<\/span>\n\t\t<\/div>\n\t\t\t\t<\/div>\n\t\t\t\t<\/div>\n\t\t\t\t<div class=\"elementor-element elementor-element-6df8701b elementor-widget elementor-widget-heading\" data-id=\"6df8701b\" data-element_type=\"widget\" data-widget_type=\"heading.default\">\n\t\t\t\t<div class=\"elementor-widget-container\">\n\t\t\t<h3 class=\"elementor-heading-title elementor-size-default\">Ingr\u00e9dients<\/h3>\t\t<\/div>\n\t\t\t\t<\/div>\n\t\t\t\t<div class=\"elementor-element elementor-element-167f180f elementor-widget elementor-widget-text-editor\" data-id=\"167f180f\" data-element_type=\"widget\" data-widget_type=\"text-editor.default\">\n\t\t\t\t<div class=\"elementor-widget-container\">\n\t\t\t\t\t\t\t<ul><li>2 steaks de b\u0153uf (au choix rumsteak ou filet)<\/li><li>Copeaux de parmesan<\/li><li>Roquette<\/li><li>Quelques tomates cerises<\/li><li>Quelques copeaux de truffe noire Tartufissimo (selon votre go\u00fbt)<\/li><li>2 pinc\u00e9es de sel \u00e0 la truffe noire Tartufissimo<\/li><li>2 cuill\u00e8res \u00e0 caf\u00e9 d\u2019huile d&rsquo;olive ar\u00f4me truffe blanche Tartufissimo<\/li><li>80g de tagliatelles fra\u00eeches<\/li><li>Huile d\u2019olive &amp; beurre<\/li><li>Sel &amp; poivre<\/li><\/ul>\t\t\t\t\t\t<\/div>\n\t\t\t\t<\/div>\n\t\t\t\t<div class=\"elementor-element elementor-element-1417234 elementor-widget elementor-widget-heading\" data-id=\"1417234\" data-element_type=\"widget\" data-widget_type=\"heading.default\">\n\t\t\t\t<div class=\"elementor-widget-container\">\n\t\t\t<h3 class=\"elementor-heading-title elementor-size-default\">Pr\u00e9paration<\/h3>\t\t<\/div>\n\t\t\t\t<\/div>\n\t\t\t\t<div class=\"elementor-element elementor-element-668ef6ba elementor-widget elementor-widget-text-editor\" data-id=\"668ef6ba\" data-element_type=\"widget\" data-widget_type=\"text-editor.default\">\n\t\t\t\t<div class=\"elementor-widget-container\">\n\t\t\t\t\t\t\t<p><strong><em><u>Viande<\/u><\/em><\/strong><\/p>\n<ul>\n<li>Faire dorer votre steak dans un bon beurre fondu pendant 2 minutes de chaque cot\u00e9<\/li>\n<li>R\u00e9servez et laissez reposer 30 minutes<\/li>\n<li>Apr\u00e8s le temps de repos, refaire snacker la viande 1 minute de chaque c\u00f4t\u00e9 \u00e0 feu fort afin de lui redonner un bel \u00e9clat, salez &amp; poivrez des deux c\u00f4t\u00e9s<\/li>\n<li>D\u00e9coupez la viande en tranche de 2 cm en essayant de couper en biais pour la pr\u00e9sentation<\/li>\n<li>Pr\u00e9parez tous les ingr\u00e9dients pour dresser&nbsp;: Assaisonnez la roquette d\u2019huile d\u2019olive, sel &amp; poivre \u2013 coupez les tomates cerises en deux<\/li>\n<li>Disposez les tranches de b\u0153uf sur l\u2019assiette et parsemez de sel de truffe noire<\/li>\n<li>Ajoutez de la roquette, des tomates, des copeaux de parmesan ainsi que quelques copeaux de truffe noire<\/li>\n<li>Finissez par un filet d\u2019huile de truffe blanche<\/li>\n<li>D\u00e9gustez aussit\u00f4t&nbsp;!<\/li>\n<\/ul>\n<p><strong style=\"font-size: 16px; background-color: var( --e-global-color-ae46ccf ); letter-spacing: 0.4px;\"><em><u>P\u00e2tes<\/u><\/em><\/strong><br><\/p>\n<ul>\n<li>Portez une casserole d\u2019eau \u00e0 \u00e9bullition et y ajouter du sel d\u00e8s que les bulles se forment<\/li>\n<li>Cuire les tagliatelles le temps de cuisson, les \u00e9goutter et ajouter un filet d\u2019huile d\u2019olive afin qu\u2019elles ne collent pas et leur donner de la saveur<\/li>\n<li>Servir les tagliatelles dans un bol, y ajouter sel &amp; poivre ainsi que des copeaux de truffe noire, un filet d\u2019huile de truffe blanche<\/li>\n<li>D\u00e9gustez aussit\u00f4t&nbsp;!<\/li>\n<\/ul>\t\t\t\t\t\t<\/div>\n\t\t\t\t<\/div>\n\t\t\t\t<div class=\"elementor-element elementor-element-528bbee3 elementor-arrows-position-inside elementor-pagination-position-outside elementor-widget elementor-widget-image-carousel\" data-id=\"528bbee3\" data-element_type=\"widget\" data-settings=\"{&quot;image_spacing_custom&quot;:{&quot;unit&quot;:&quot;px&quot;,&quot;size&quot;:0,&quot;sizes&quot;:[]},&quot;navigation&quot;:&quot;both&quot;,&quot;autoplay&quot;:&quot;yes&quot;,&quot;pause_on_hover&quot;:&quot;yes&quot;,&quot;pause_on_interaction&quot;:&quot;yes&quot;,&quot;autoplay_speed&quot;:5000,&quot;infinite&quot;:&quot;yes&quot;,&quot;speed&quot;:500}\" data-widget_type=\"image-carousel.default\">\n\t\t\t\t<div class=\"elementor-widget-container\">\n\t\t\t\t\t<div class=\"elementor-image-carousel-wrapper swiper-container\" dir=\"ltr\">\n\t\t\t<div class=\"elementor-image-carousel swiper-wrapper\">\n\t\t\t\t\t\t\t\t<div class=\"swiper-slide\"><figure class=\"swiper-slide-inner\"><img class=\"swiper-slide-image\" src=\"http:\/\/www.tartufissimo.be\/wp-content\/uploads\/2021\/04\/DSC02936-240x300.jpg\" alt=\"Tagliata 1\" \/><\/figure><\/div><div class=\"swiper-slide\"><figure class=\"swiper-slide-inner\"><img class=\"swiper-slide-image\" src=\"http:\/\/www.tartufissimo.be\/wp-content\/uploads\/2021\/04\/DSC02950-240x300.jpg\" alt=\"Tagliata 2\" \/><\/figure><\/div><div class=\"swiper-slide\"><figure class=\"swiper-slide-inner\"><img class=\"swiper-slide-image\" src=\"http:\/\/www.tartufissimo.be\/wp-content\/uploads\/2021\/04\/DSC02962-240x300.jpg\" alt=\"Tagliata 3\" \/><\/figure><\/div><div class=\"swiper-slide\"><figure class=\"swiper-slide-inner\"><img class=\"swiper-slide-image\" src=\"http:\/\/www.tartufissimo.be\/wp-content\/uploads\/2021\/04\/DSC02977-240x300.jpg\" alt=\"Tagliata 4\" \/><\/figure><\/div><div class=\"swiper-slide\"><figure class=\"swiper-slide-inner\"><img class=\"swiper-slide-image\" src=\"http:\/\/www.tartufissimo.be\/wp-content\/uploads\/2021\/04\/DSC02999-240x300.jpg\" alt=\"Tagliata 5\" \/><\/figure><\/div><div class=\"swiper-slide\"><figure class=\"swiper-slide-inner\"><img class=\"swiper-slide-image\" src=\"http:\/\/www.tartufissimo.be\/wp-content\/uploads\/2021\/04\/DSC03002-240x300.jpg\" alt=\"Tagliata 6\" \/><\/figure><\/div><div class=\"swiper-slide\"><figure class=\"swiper-slide-inner\"><img class=\"swiper-slide-image\" src=\"http:\/\/www.tartufissimo.be\/wp-content\/uploads\/2021\/04\/DSC03006-240x300.jpg\" alt=\"Tagliata 7\" \/><\/figure><\/div><div class=\"swiper-slide\"><figure class=\"swiper-slide-inner\"><img class=\"swiper-slide-image\" src=\"http:\/\/www.tartufissimo.be\/wp-content\/uploads\/2021\/04\/DSC03024-240x300.jpg\" alt=\"Tagliata 8\" \/><\/figure><\/div><div class=\"swiper-slide\"><figure class=\"swiper-slide-inner\"><img class=\"swiper-slide-image\" src=\"http:\/\/www.tartufissimo.be\/wp-content\/uploads\/2021\/04\/DSC03027-240x300.jpg\" alt=\"Tagliata 9\" \/><\/figure><\/div><div class=\"swiper-slide\"><figure class=\"swiper-slide-inner\"><img class=\"swiper-slide-image\" src=\"http:\/\/www.tartufissimo.be\/wp-content\/uploads\/2021\/04\/DSC03083-240x300.jpg\" alt=\"Tagliata 10\" \/><\/figure><\/div>\t\t\t<\/div>\n\t\t\t\t\t\t\t\t\t\t\t\t<div class=\"swiper-pagination\"><\/div>\n\t\t\t\t\t\t\t\t\t\t\t\t\t<div class=\"elementor-swiper-button elementor-swiper-button-prev\">\n\t\t\t\t\t\t<i aria-hidden=\"true\" class=\"eicon-chevron-left\"><\/i>\t\t\t\t\t\t<span class=\"elementor-screen-only\">Pr\u00e9c\u00e9dent<\/span>\n\t\t\t\t\t<\/div>\n\t\t\t\t\t<div class=\"elementor-swiper-button elementor-swiper-button-next\">\n\t\t\t\t\t\t<i aria-hidden=\"true\" class=\"eicon-chevron-right\"><\/i>\t\t\t\t\t\t<span class=\"elementor-screen-only\">Suivant<\/span>\n\t\t\t\t\t<\/div>\n\t\t\t\t\t\t\t\t\t<\/div>\n\t\t\t\t<\/div>\n\t\t\t\t<\/div>\n\t\t\t\t\t<\/div>\n\t\t<\/div>\n\t\t\t\t\t\t\t<\/div>\n\t\t<\/section>\n\t\t\t\t\t<\/div>\n\t\t<\/div>\n\t\t\t\t\t\t\t<\/div>\n\t\t<\/section>\n\t\t\t\t\t\t\t<\/div>\n\t\t","protected":false},"excerpt":{"rendered":"<p>Tagliata de b\u0153uf &#038; tagliatelles \u00e0 l\u2019huile d&rsquo;olive ar\u00f4me truffe blanche &#038; copeaux de truffe noire Secondo 50 minutes 2 personnes Ingr\u00e9dients 2 steaks de b\u0153uf (au choix rumsteak ou filet) Copeaux de parmesan Roquette Quelques tomates cerises Quelques copeaux de truffe noire Tartufissimo (selon votre go\u00fbt) 2 pinc\u00e9es de sel \u00e0 la truffe noire [&hellip;]<\/p>\n","protected":false},"author":1,"featured_media":0,"parent":590,"menu_order":0,"comment_status":"closed","ping_status":"closed","template":"","meta":{"_monsterinsights_skip_tracking":false,"_monsterinsights_sitenote_active":false,"_monsterinsights_sitenote_note":"","_monsterinsights_sitenote_category":0},"yoast_head":"<!-- This site is optimized with the Yoast SEO plugin v16.3 - https:\/\/yoast.com\/wordpress\/plugins\/seo\/ -->\n<title>Tagliata de boeuf - Tartufissimo<\/title>\n<meta name=\"robots\" content=\"index, follow, max-snippet:-1, max-image-preview:large, max-video-preview:-1\" \/>\n<link rel=\"canonical\" href=\"http:\/\/www.tartufissimo.be\/index.php\/recettes\/tagliata-boeuf\/\" \/>\n<meta name=\"twitter:card\" content=\"summary_large_image\" \/>\n<meta name=\"twitter:title\" content=\"Tagliata de boeuf - Tartufissimo\" \/>\n<meta name=\"twitter:description\" content=\"Tagliata de b\u0153uf &#038; tagliatelles \u00e0 l\u2019huile d&rsquo;olive ar\u00f4me truffe blanche &#038; copeaux de truffe noire Secondo 50 minutes 2 personnes Ingr\u00e9dients 2 steaks de b\u0153uf (au choix rumsteak ou filet) Copeaux de parmesan Roquette Quelques tomates cerises Quelques copeaux de truffe noire Tartufissimo (selon votre go\u00fbt) 2 pinc\u00e9es de sel \u00e0 la truffe noire [&hellip;]\" \/>\n<meta name=\"twitter:image\" content=\"http:\/\/www.tartufissimo.be\/wp-content\/uploads\/2021\/04\/DSC02936-240x300.jpg\" \/>\n<meta name=\"twitter:label1\" content=\"Dur\u00e9e de lecture est.\">\n\t<meta name=\"twitter:data1\" content=\"2 minutes\">\n<script type=\"application\/ld+json\" class=\"yoast-schema-graph\">{\"@context\":\"https:\/\/schema.org\",\"@graph\":[{\"@type\":\"Organization\",\"@id\":\"http:\/\/www.tartufissimo.be\/#organization\",\"name\":\"Tartufissimo\",\"url\":\"http:\/\/www.tartufissimo.be\/\",\"sameAs\":[\"https:\/\/www.facebook.com\/Tartufissimo-100876648828004\",\"https:\/\/www.instagram.com\/tartufissimocm\/\"],\"logo\":{\"@type\":\"ImageObject\",\"@id\":\"http:\/\/www.tartufissimo.be\/#logo\",\"inLanguage\":\"fr-FR\",\"url\":\"http:\/\/www.tartufissimo.be\/wp-content\/uploads\/2021\/05\/tartufissmo-fond-fonce\\u0301.png\",\"contentUrl\":\"http:\/\/www.tartufissimo.be\/wp-content\/uploads\/2021\/05\/tartufissmo-fond-fonce\\u0301.png\",\"width\":1701,\"height\":418,\"caption\":\"Tartufissimo\"},\"image\":{\"@id\":\"http:\/\/www.tartufissimo.be\/#logo\"}},{\"@type\":\"WebSite\",\"@id\":\"http:\/\/www.tartufissimo.be\/#website\",\"url\":\"http:\/\/www.tartufissimo.be\/\",\"name\":\"Tartufissimo\",\"description\":\"Vente de truffes fra\\u00eeches et produits d\\u00e9riv\\u00e9s d&#039;exception\",\"publisher\":{\"@id\":\"http:\/\/www.tartufissimo.be\/#organization\"},\"potentialAction\":[{\"@type\":\"SearchAction\",\"target\":\"http:\/\/www.tartufissimo.be\/?s={search_term_string}\",\"query-input\":\"required name=search_term_string\"}],\"inLanguage\":\"fr-FR\"},{\"@type\":\"ImageObject\",\"@id\":\"http:\/\/www.tartufissimo.be\/index.php\/recettes\/tagliata-boeuf\/#primaryimage\",\"inLanguage\":\"fr-FR\",\"url\":\"http:\/\/www.tartufissimo.be\/wp-content\/uploads\/2021\/04\/DSC02936-240x300.jpg\",\"contentUrl\":\"http:\/\/www.tartufissimo.be\/wp-content\/uploads\/2021\/04\/DSC02936-240x300.jpg\"},{\"@type\":\"WebPage\",\"@id\":\"http:\/\/www.tartufissimo.be\/index.php\/recettes\/tagliata-boeuf\/#webpage\",\"url\":\"http:\/\/www.tartufissimo.be\/index.php\/recettes\/tagliata-boeuf\/\",\"name\":\"Tagliata de boeuf - Tartufissimo\",\"isPartOf\":{\"@id\":\"http:\/\/www.tartufissimo.be\/#website\"},\"primaryImageOfPage\":{\"@id\":\"http:\/\/www.tartufissimo.be\/index.php\/recettes\/tagliata-boeuf\/#primaryimage\"},\"datePublished\":\"2021-03-28T12:51:10+00:00\",\"dateModified\":\"2021-05-14T10:28:43+00:00\",\"breadcrumb\":{\"@id\":\"http:\/\/www.tartufissimo.be\/index.php\/recettes\/tagliata-boeuf\/#breadcrumb\"},\"inLanguage\":\"fr-FR\",\"potentialAction\":[{\"@type\":\"ReadAction\",\"target\":[\"http:\/\/www.tartufissimo.be\/index.php\/recettes\/tagliata-boeuf\/\"]}]},{\"@type\":\"BreadcrumbList\",\"@id\":\"http:\/\/www.tartufissimo.be\/index.php\/recettes\/tagliata-boeuf\/#breadcrumb\",\"itemListElement\":[{\"@type\":\"ListItem\",\"position\":1,\"item\":{\"@type\":\"WebPage\",\"@id\":\"http:\/\/www.tartufissimo.be\/\",\"url\":\"http:\/\/www.tartufissimo.be\/\",\"name\":\"Accueil\"}},{\"@type\":\"ListItem\",\"position\":2,\"item\":{\"@type\":\"WebPage\",\"@id\":\"http:\/\/www.tartufissimo.be\/index.php\/recettes\/\",\"url\":\"http:\/\/www.tartufissimo.be\/index.php\/recettes\/\",\"name\":\"Id\\u00e9es Recettes\"}},{\"@type\":\"ListItem\",\"position\":3,\"item\":{\"@id\":\"http:\/\/www.tartufissimo.be\/index.php\/recettes\/tagliata-boeuf\/#webpage\"}}]}]}<\/script>\n<!-- \/ Yoast SEO plugin. -->","_links":{"self":[{"href":"http:\/\/www.tartufissimo.be\/index.php\/wp-json\/wp\/v2\/pages\/832"}],"collection":[{"href":"http:\/\/www.tartufissimo.be\/index.php\/wp-json\/wp\/v2\/pages"}],"about":[{"href":"http:\/\/www.tartufissimo.be\/index.php\/wp-json\/wp\/v2\/types\/page"}],"author":[{"embeddable":true,"href":"http:\/\/www.tartufissimo.be\/index.php\/wp-json\/wp\/v2\/users\/1"}],"replies":[{"embeddable":true,"href":"http:\/\/www.tartufissimo.be\/index.php\/wp-json\/wp\/v2\/comments?post=832"}],"version-history":[{"count":25,"href":"http:\/\/www.tartufissimo.be\/index.php\/wp-json\/wp\/v2\/pages\/832\/revisions"}],"predecessor-version":[{"id":2197,"href":"http:\/\/www.tartufissimo.be\/index.php\/wp-json\/wp\/v2\/pages\/832\/revisions\/2197"}],"up":[{"embeddable":true,"href":"http:\/\/www.tartufissimo.be\/index.php\/wp-json\/wp\/v2\/pages\/590"}],"wp:attachment":[{"href":"http:\/\/www.tartufissimo.be\/index.php\/wp-json\/wp\/v2\/media?parent=832"}],"curies":[{"name":"wp","href":"https:\/\/api.w.org\/{rel}","templated":true}]}}