{"id":838,"date":"2021-03-28T14:51:56","date_gmt":"2021-03-28T12:51:56","guid":{"rendered":"http:\/\/www.tartufissimo.be\/?page_id=838"},"modified":"2021-05-05T17:01:35","modified_gmt":"2021-05-05T15:01:35","slug":"glace-truffe","status":"publish","type":"page","link":"http:\/\/www.tartufissimo.be\/index.php\/recettes\/glace-truffe\/","title":{"rendered":"Glace \u00e0 la truffe"},"content":{"rendered":"\t\t<div data-elementor-type=\"wp-page\" data-elementor-id=\"838\" class=\"elementor elementor-838\">\n\t\t\t\t\t\t\t\t\t<section class=\"elementor-section elementor-top-section elementor-element elementor-element-53aa03b elementor-section-height-min-height elementor-section-boxed elementor-section-height-default elementor-section-items-middle\" data-id=\"53aa03b\" data-element_type=\"section\" data-settings=\"{&quot;background_background&quot;:&quot;classic&quot;}\">\n\t\t\t\t\t\t\t<div class=\"elementor-background-overlay\"><\/div>\n\t\t\t\t\t\t\t<div class=\"elementor-container elementor-column-gap-default\">\n\t\t\t\t\t<div class=\"elementor-column elementor-col-100 elementor-top-column elementor-element elementor-element-1ff16ebd\" data-id=\"1ff16ebd\" data-element_type=\"column\">\n\t\t\t<div class=\"elementor-widget-wrap\">\n\t\t\t\t\t\t\t\t\t<\/div>\n\t\t<\/div>\n\t\t\t\t\t\t\t<\/div>\n\t\t<\/section>\n\t\t\t\t<section class=\"elementor-section elementor-top-section elementor-element elementor-element-5f24d20 elementor-section-boxed elementor-section-height-default elementor-section-height-default\" data-id=\"5f24d20\" data-element_type=\"section\" data-settings=\"{&quot;background_background&quot;:&quot;classic&quot;}\">\n\t\t\t\t\t\t<div class=\"elementor-container elementor-column-gap-default\">\n\t\t\t\t\t<div class=\"elementor-column elementor-col-100 elementor-top-column elementor-element elementor-element-63533368\" data-id=\"63533368\" data-element_type=\"column\">\n\t\t\t<div class=\"elementor-widget-wrap elementor-element-populated\">\n\t\t\t\t\t\t\t\t<section class=\"elementor-section elementor-inner-section elementor-element elementor-element-3b9c58ae elementor-section-boxed elementor-section-height-default elementor-section-height-default\" data-id=\"3b9c58ae\" data-element_type=\"section\" data-settings=\"{&quot;background_background&quot;:&quot;classic&quot;}\">\n\t\t\t\t\t\t<div class=\"elementor-container elementor-column-gap-default\">\n\t\t\t\t\t<div class=\"elementor-column elementor-col-100 elementor-inner-column elementor-element elementor-element-5201cb94\" data-id=\"5201cb94\" data-element_type=\"column\">\n\t\t\t<div class=\"elementor-widget-wrap elementor-element-populated\">\n\t\t\t\t\t\t\t\t<div class=\"elementor-element elementor-element-4b159c6d elementor-widget elementor-widget-heading\" data-id=\"4b159c6d\" data-element_type=\"widget\" data-widget_type=\"heading.default\">\n\t\t\t\t<div class=\"elementor-widget-container\">\n\t\t\t<h1 class=\"elementor-heading-title elementor-size-default\">Glace au caf\u00e9, biscotti italiani, miel \u00e0 la truffe noire et truffe noire fra\u00eeche<\/h1>\t\t<\/div>\n\t\t\t\t<\/div>\n\t\t\t\t<div class=\"elementor-element elementor-element-679eb5b3 elementor-widget-divider--view-line elementor-widget elementor-widget-divider\" data-id=\"679eb5b3\" data-element_type=\"widget\" data-widget_type=\"divider.default\">\n\t\t\t\t<div class=\"elementor-widget-container\">\n\t\t\t\t\t<div class=\"elementor-divider\">\n\t\t\t<span class=\"elementor-divider-separator\">\n\t\t\t\t\t\t<\/span>\n\t\t<\/div>\n\t\t\t\t<\/div>\n\t\t\t\t<\/div>\n\t\t\t\t<div class=\"elementor-element elementor-element-4a5a4955 elementor-widget elementor-widget-text-editor\" data-id=\"4a5a4955\" data-element_type=\"widget\" data-widget_type=\"text-editor.default\">\n\t\t\t\t<div class=\"elementor-widget-container\">\n\t\t\t\t\t\t\t<p>Dessert<\/p><p>10 minutes<\/p><p>2 personnes<\/p>\t\t\t\t\t\t<\/div>\n\t\t\t\t<\/div>\n\t\t\t\t<div class=\"elementor-element elementor-element-13dfaa36 elementor-widget-divider--view-line elementor-widget elementor-widget-divider\" data-id=\"13dfaa36\" data-element_type=\"widget\" data-widget_type=\"divider.default\">\n\t\t\t\t<div class=\"elementor-widget-container\">\n\t\t\t\t\t<div class=\"elementor-divider\">\n\t\t\t<span class=\"elementor-divider-separator\">\n\t\t\t\t\t\t<\/span>\n\t\t<\/div>\n\t\t\t\t<\/div>\n\t\t\t\t<\/div>\n\t\t\t\t<div class=\"elementor-element elementor-element-2e74786 elementor-widget elementor-widget-heading\" data-id=\"2e74786\" data-element_type=\"widget\" data-widget_type=\"heading.default\">\n\t\t\t\t<div class=\"elementor-widget-container\">\n\t\t\t<h3 class=\"elementor-heading-title elementor-size-default\">Ingr\u00e9dients<\/h3>\t\t<\/div>\n\t\t\t\t<\/div>\n\t\t\t\t<div class=\"elementor-element elementor-element-6d837fc0 elementor-widget elementor-widget-text-editor\" data-id=\"6d837fc0\" data-element_type=\"widget\" data-widget_type=\"text-editor.default\">\n\t\t\t\t<div class=\"elementor-widget-container\">\n\t\t\t\t\t\t\t<ul><li>2 biscuits italiens de votre choix (friables)<\/li><li>Glace au caf\u00e9, moka,\u00a0cappuccino (au choix)<\/li><li>2 cuill\u00e8res \u00e0 caf\u00e9 de Miel \u00e0 la truffe noire Tartufissimo<\/li><li>Une rondelle de truffe noire fra\u00eeche<\/li><\/ul>\t\t\t\t\t\t<\/div>\n\t\t\t\t<\/div>\n\t\t\t\t<div class=\"elementor-element elementor-element-6ce60f53 elementor-widget elementor-widget-heading\" data-id=\"6ce60f53\" data-element_type=\"widget\" data-widget_type=\"heading.default\">\n\t\t\t\t<div class=\"elementor-widget-container\">\n\t\t\t<h3 class=\"elementor-heading-title elementor-size-default\">Pr\u00e9paration<\/h3>\t\t<\/div>\n\t\t\t\t<\/div>\n\t\t\t\t<div class=\"elementor-element elementor-element-546d9d95 elementor-widget elementor-widget-text-editor\" data-id=\"546d9d95\" data-element_type=\"widget\" data-widget_type=\"text-editor.default\">\n\t\t\t\t<div class=\"elementor-widget-container\">\n\t\t\t\t\t\t\t<ul><li>\u00c9crasez 1 biscuit par personne en fond d\u2019assiette<\/li><li>Y ajouter une jolie quenelle de glace<\/li><li>Parsemez de miel \u00e0 la truffe<\/li><li>D\u00e9posez les rondelles (d\u00e9coup\u00e9es \u00e0 l\u2019emporte-pi\u00e8ce) de truffe fraiche sur la quenelle de glace<\/li><li>D\u00e9gustez aussit\u00f4t\u00a0!<\/li><\/ul>\t\t\t\t\t\t<\/div>\n\t\t\t\t<\/div>\n\t\t\t\t<div class=\"elementor-element elementor-element-5dd812b2 elementor-arrows-position-inside elementor-pagination-position-outside elementor-widget elementor-widget-image-carousel\" data-id=\"5dd812b2\" data-element_type=\"widget\" data-settings=\"{&quot;image_spacing_custom&quot;:{&quot;unit&quot;:&quot;px&quot;,&quot;size&quot;:0,&quot;sizes&quot;:[]},&quot;navigation&quot;:&quot;both&quot;,&quot;autoplay&quot;:&quot;yes&quot;,&quot;pause_on_hover&quot;:&quot;yes&quot;,&quot;pause_on_interaction&quot;:&quot;yes&quot;,&quot;autoplay_speed&quot;:5000,&quot;infinite&quot;:&quot;yes&quot;,&quot;speed&quot;:500}\" data-widget_type=\"image-carousel.default\">\n\t\t\t\t<div class=\"elementor-widget-container\">\n\t\t\t\t\t<div class=\"elementor-image-carousel-wrapper swiper-container\" dir=\"ltr\">\n\t\t\t<div class=\"elementor-image-carousel swiper-wrapper\">\n\t\t\t\t\t\t\t\t<div class=\"swiper-slide\"><figure class=\"swiper-slide-inner\"><img class=\"swiper-slide-image\" src=\"http:\/\/www.tartufissimo.be\/wp-content\/uploads\/2021\/04\/DSC03110-240x300.jpg\" alt=\"Glace 1\" \/><\/figure><\/div><div class=\"swiper-slide\"><figure class=\"swiper-slide-inner\"><img class=\"swiper-slide-image\" src=\"http:\/\/www.tartufissimo.be\/wp-content\/uploads\/2021\/04\/DSC03131-240x300.jpg\" alt=\"Glace 2\" \/><\/figure><\/div><div class=\"swiper-slide\"><figure class=\"swiper-slide-inner\"><img class=\"swiper-slide-image\" src=\"http:\/\/www.tartufissimo.be\/wp-content\/uploads\/2021\/04\/DSC03152-240x300.jpg\" alt=\"Glace 3\" \/><\/figure><\/div>\t\t\t<\/div>\n\t\t\t\t\t\t\t\t\t\t\t\t<div class=\"swiper-pagination\"><\/div>\n\t\t\t\t\t\t\t\t\t\t\t\t\t<div class=\"elementor-swiper-button elementor-swiper-button-prev\">\n\t\t\t\t\t\t<i aria-hidden=\"true\" class=\"eicon-chevron-left\"><\/i>\t\t\t\t\t\t<span class=\"elementor-screen-only\">Pr\u00e9c\u00e9dent<\/span>\n\t\t\t\t\t<\/div>\n\t\t\t\t\t<div class=\"elementor-swiper-button elementor-swiper-button-next\">\n\t\t\t\t\t\t<i aria-hidden=\"true\" class=\"eicon-chevron-right\"><\/i>\t\t\t\t\t\t<span class=\"elementor-screen-only\">Suivant<\/span>\n\t\t\t\t\t<\/div>\n\t\t\t\t\t\t\t\t\t<\/div>\n\t\t\t\t<\/div>\n\t\t\t\t<\/div>\n\t\t\t\t\t<\/div>\n\t\t<\/div>\n\t\t\t\t\t\t\t<\/div>\n\t\t<\/section>\n\t\t\t\t\t<\/div>\n\t\t<\/div>\n\t\t\t\t\t\t\t<\/div>\n\t\t<\/section>\n\t\t\t\t\t\t\t<\/div>\n\t\t","protected":false},"excerpt":{"rendered":"<p>Glace au caf\u00e9, biscotti italiani, miel \u00e0 la truffe noire et truffe noire fra\u00eeche Dessert 10 minutes 2 personnes Ingr\u00e9dients 2 biscuits italiens de votre choix (friables) Glace au caf\u00e9, moka,\u00a0cappuccino (au choix) 2 cuill\u00e8res \u00e0 caf\u00e9 de Miel \u00e0 la truffe noire Tartufissimo Une rondelle de truffe noire fra\u00eeche Pr\u00e9paration \u00c9crasez 1 biscuit par [&hellip;]<\/p>\n","protected":false},"author":1,"featured_media":0,"parent":590,"menu_order":0,"comment_status":"closed","ping_status":"closed","template":"","meta":{"_monsterinsights_skip_tracking":false,"_monsterinsights_sitenote_active":false,"_monsterinsights_sitenote_note":"","_monsterinsights_sitenote_category":0},"yoast_head":"<!-- This site is optimized with the Yoast SEO plugin v16.3 - https:\/\/yoast.com\/wordpress\/plugins\/seo\/ -->\n<title>Glace \u00e0 la truffe - Tartufissimo<\/title>\n<meta name=\"robots\" content=\"index, follow, max-snippet:-1, max-image-preview:large, max-video-preview:-1\" \/>\n<link rel=\"canonical\" href=\"http:\/\/www.tartufissimo.be\/index.php\/recettes\/glace-truffe\/\" \/>\n<meta name=\"twitter:card\" content=\"summary_large_image\" \/>\n<meta name=\"twitter:title\" content=\"Glace \u00e0 la truffe - Tartufissimo\" \/>\n<meta name=\"twitter:description\" content=\"Glace au caf\u00e9, biscotti italiani, miel \u00e0 la truffe noire et truffe noire fra\u00eeche Dessert 10 minutes 2 personnes Ingr\u00e9dients 2 biscuits italiens de votre choix (friables) Glace au caf\u00e9, moka,\u00a0cappuccino (au choix) 2 cuill\u00e8res \u00e0 caf\u00e9 de Miel \u00e0 la truffe noire Tartufissimo Une rondelle de truffe noire fra\u00eeche Pr\u00e9paration \u00c9crasez 1 biscuit par [&hellip;]\" \/>\n<meta name=\"twitter:image\" content=\"http:\/\/www.tartufissimo.be\/wp-content\/uploads\/2021\/04\/DSC03110-240x300.jpg\" \/>\n<script type=\"application\/ld+json\" class=\"yoast-schema-graph\">{\"@context\":\"https:\/\/schema.org\",\"@graph\":[{\"@type\":\"Organization\",\"@id\":\"http:\/\/www.tartufissimo.be\/#organization\",\"name\":\"Tartufissimo\",\"url\":\"http:\/\/www.tartufissimo.be\/\",\"sameAs\":[\"https:\/\/www.facebook.com\/Tartufissimo-100876648828004\",\"https:\/\/www.instagram.com\/tartufissimocm\/\"],\"logo\":{\"@type\":\"ImageObject\",\"@id\":\"http:\/\/www.tartufissimo.be\/#logo\",\"inLanguage\":\"fr-FR\",\"url\":\"http:\/\/www.tartufissimo.be\/wp-content\/uploads\/2021\/05\/tartufissmo-fond-fonce\\u0301.png\",\"contentUrl\":\"http:\/\/www.tartufissimo.be\/wp-content\/uploads\/2021\/05\/tartufissmo-fond-fonce\\u0301.png\",\"width\":1701,\"height\":418,\"caption\":\"Tartufissimo\"},\"image\":{\"@id\":\"http:\/\/www.tartufissimo.be\/#logo\"}},{\"@type\":\"WebSite\",\"@id\":\"http:\/\/www.tartufissimo.be\/#website\",\"url\":\"http:\/\/www.tartufissimo.be\/\",\"name\":\"Tartufissimo\",\"description\":\"Vente de truffes fra\\u00eeches et produits d\\u00e9riv\\u00e9s d&#039;exception\",\"publisher\":{\"@id\":\"http:\/\/www.tartufissimo.be\/#organization\"},\"potentialAction\":[{\"@type\":\"SearchAction\",\"target\":\"http:\/\/www.tartufissimo.be\/?s={search_term_string}\",\"query-input\":\"required name=search_term_string\"}],\"inLanguage\":\"fr-FR\"},{\"@type\":\"ImageObject\",\"@id\":\"http:\/\/www.tartufissimo.be\/index.php\/recettes\/glace-truffe\/#primaryimage\",\"inLanguage\":\"fr-FR\",\"url\":\"http:\/\/www.tartufissimo.be\/wp-content\/uploads\/2021\/04\/DSC03110-240x300.jpg\",\"contentUrl\":\"http:\/\/www.tartufissimo.be\/wp-content\/uploads\/2021\/04\/DSC03110-240x300.jpg\"},{\"@type\":\"WebPage\",\"@id\":\"http:\/\/www.tartufissimo.be\/index.php\/recettes\/glace-truffe\/#webpage\",\"url\":\"http:\/\/www.tartufissimo.be\/index.php\/recettes\/glace-truffe\/\",\"name\":\"Glace \\u00e0 la truffe - Tartufissimo\",\"isPartOf\":{\"@id\":\"http:\/\/www.tartufissimo.be\/#website\"},\"primaryImageOfPage\":{\"@id\":\"http:\/\/www.tartufissimo.be\/index.php\/recettes\/glace-truffe\/#primaryimage\"},\"datePublished\":\"2021-03-28T12:51:56+00:00\",\"dateModified\":\"2021-05-05T15:01:35+00:00\",\"breadcrumb\":{\"@id\":\"http:\/\/www.tartufissimo.be\/index.php\/recettes\/glace-truffe\/#breadcrumb\"},\"inLanguage\":\"fr-FR\",\"potentialAction\":[{\"@type\":\"ReadAction\",\"target\":[\"http:\/\/www.tartufissimo.be\/index.php\/recettes\/glace-truffe\/\"]}]},{\"@type\":\"BreadcrumbList\",\"@id\":\"http:\/\/www.tartufissimo.be\/index.php\/recettes\/glace-truffe\/#breadcrumb\",\"itemListElement\":[{\"@type\":\"ListItem\",\"position\":1,\"item\":{\"@type\":\"WebPage\",\"@id\":\"http:\/\/www.tartufissimo.be\/\",\"url\":\"http:\/\/www.tartufissimo.be\/\",\"name\":\"Accueil\"}},{\"@type\":\"ListItem\",\"position\":2,\"item\":{\"@type\":\"WebPage\",\"@id\":\"http:\/\/www.tartufissimo.be\/index.php\/recettes\/\",\"url\":\"http:\/\/www.tartufissimo.be\/index.php\/recettes\/\",\"name\":\"Id\\u00e9es Recettes\"}},{\"@type\":\"ListItem\",\"position\":3,\"item\":{\"@id\":\"http:\/\/www.tartufissimo.be\/index.php\/recettes\/glace-truffe\/#webpage\"}}]}]}<\/script>\n<!-- \/ Yoast SEO plugin. -->","_links":{"self":[{"href":"http:\/\/www.tartufissimo.be\/index.php\/wp-json\/wp\/v2\/pages\/838"}],"collection":[{"href":"http:\/\/www.tartufissimo.be\/index.php\/wp-json\/wp\/v2\/pages"}],"about":[{"href":"http:\/\/www.tartufissimo.be\/index.php\/wp-json\/wp\/v2\/types\/page"}],"author":[{"embeddable":true,"href":"http:\/\/www.tartufissimo.be\/index.php\/wp-json\/wp\/v2\/users\/1"}],"replies":[{"embeddable":true,"href":"http:\/\/www.tartufissimo.be\/index.php\/wp-json\/wp\/v2\/comments?post=838"}],"version-history":[{"count":22,"href":"http:\/\/www.tartufissimo.be\/index.php\/wp-json\/wp\/v2\/pages\/838\/revisions"}],"predecessor-version":[{"id":1997,"href":"http:\/\/www.tartufissimo.be\/index.php\/wp-json\/wp\/v2\/pages\/838\/revisions\/1997"}],"up":[{"embeddable":true,"href":"http:\/\/www.tartufissimo.be\/index.php\/wp-json\/wp\/v2\/pages\/590"}],"wp:attachment":[{"href":"http:\/\/www.tartufissimo.be\/index.php\/wp-json\/wp\/v2\/media?parent=838"}],"curies":[{"name":"wp","href":"https:\/\/api.w.org\/{rel}","templated":true}]}}