{"id":1104,"date":"2021-04-11T12:03:06","date_gmt":"2021-04-11T10:03:06","guid":{"rendered":"http:\/\/www.tartufissimo.be\/?page_id=1104"},"modified":"2021-05-13T14:54:45","modified_gmt":"2021-05-13T12:54:45","slug":"nos-produits","status":"publish","type":"page","link":"https:\/\/www.tartufissimo.be\/index.php\/nos-produits\/","title":{"rendered":"Nos Produits"},"content":{"rendered":"\t\t<div data-elementor-type=\"wp-page\" data-elementor-id=\"1104\" class=\"elementor elementor-1104\">\n\t\t\t\t\t\t\t\t\t<section class=\"elementor-section elementor-top-section elementor-element elementor-element-40de5b1 elementor-section-height-min-height elementor-section-boxed elementor-section-height-default elementor-section-items-middle\" data-id=\"40de5b1\" data-element_type=\"section\" data-settings=\"{&quot;background_background&quot;:&quot;classic&quot;}\">\n\t\t\t\t\t\t\t<div class=\"elementor-background-overlay\"><\/div>\n\t\t\t\t\t\t\t<div class=\"elementor-container elementor-column-gap-default\">\n\t\t\t\t\t<div class=\"elementor-column elementor-col-100 elementor-top-column elementor-element elementor-element-dbb9c21\" data-id=\"dbb9c21\" data-element_type=\"column\">\n\t\t\t<div class=\"elementor-widget-wrap elementor-element-populated\">\n\t\t\t\t\t\t\t\t<div class=\"elementor-element elementor-element-402299b7 elementor-widget elementor-widget-heading\" data-id=\"402299b7\" data-element_type=\"widget\" data-widget_type=\"heading.default\">\n\t\t\t\t<div class=\"elementor-widget-container\">\n\t\t\t<h1 class=\"elementor-heading-title elementor-size-large\">Nos produits<\/h1>\t\t<\/div>\n\t\t\t\t<\/div>\n\t\t\t\t<div class=\"elementor-element elementor-element-288ac1e1 elementor-widget-divider--view-line elementor-widget elementor-widget-divider\" data-id=\"288ac1e1\" data-element_type=\"widget\" data-widget_type=\"divider.default\">\n\t\t\t\t<div class=\"elementor-widget-container\">\n\t\t\t\t\t<div class=\"elementor-divider\">\n\t\t\t<span class=\"elementor-divider-separator\">\n\t\t\t\t\t\t<\/span>\n\t\t<\/div>\n\t\t\t\t<\/div>\n\t\t\t\t<\/div>\n\t\t\t\t<div class=\"elementor-element elementor-element-454c58ae elementor-widget elementor-widget-text-editor\" data-id=\"454c58ae\" data-element_type=\"widget\" data-widget_type=\"text-editor.default\">\n\t\t\t\t<div class=\"elementor-widget-container\">\n\t\t\t\t\t\t\t<p>Tartufissimo vous pr\u00e9sente sa gamme de produits, en esp\u00e9rant que nous vous offrirons des d\u00e9gustations pleines de souvenirs et remplies de go\u00fbts, d\u2019amour et de partage<\/p>\t\t\t\t\t\t<\/div>\n\t\t\t\t<\/div>\n\t\t\t\t\t<\/div>\n\t\t<\/div>\n\t\t\t\t\t\t\t<\/div>\n\t\t<\/section>\n\t\t\t\t<section class=\"elementor-section elementor-top-section elementor-element elementor-element-da1b78a elementor-section-boxed elementor-section-height-default elementor-section-height-default\" data-id=\"da1b78a\" data-element_type=\"section\" data-settings=\"{&quot;background_background&quot;:&quot;classic&quot;}\">\n\t\t\t\t\t\t<div class=\"elementor-container elementor-column-gap-default\">\n\t\t\t\t\t<div class=\"elementor-column elementor-col-50 elementor-top-column elementor-element elementor-element-33fa3472\" data-id=\"33fa3472\" data-element_type=\"column\">\n\t\t\t<div class=\"elementor-widget-wrap elementor-element-populated\">\n\t\t\t\t\t\t\t\t<section class=\"elementor-section elementor-inner-section elementor-element elementor-element-7696ea2f elementor-section-boxed elementor-section-height-default elementor-section-height-default\" data-id=\"7696ea2f\" data-element_type=\"section\" data-settings=\"{&quot;background_background&quot;:&quot;classic&quot;}\">\n\t\t\t\t\t\t\t<div class=\"elementor-background-overlay\"><\/div>\n\t\t\t\t\t\t\t<div class=\"elementor-container elementor-column-gap-default\">\n\t\t\t\t\t<div class=\"elementor-column elementor-col-100 elementor-inner-column elementor-element elementor-element-7bf1a3b5\" data-id=\"7bf1a3b5\" data-element_type=\"column\" data-settings=\"{&quot;background_background&quot;:&quot;classic&quot;}\">\n\t\t\t<div class=\"elementor-widget-wrap elementor-element-populated\">\n\t\t\t\t\t\t\t\t<div class=\"elementor-element elementor-element-350795d8 elementor-widget elementor-widget-heading\" data-id=\"350795d8\" data-element_type=\"widget\" data-widget_type=\"heading.default\">\n\t\t\t\t<div class=\"elementor-widget-container\">\n\t\t\t<h2 class=\"elementor-heading-title elementor-size-default\">Sp\u00e9cialit\u00e9s truff\u00e9es<\/h2>\t\t<\/div>\n\t\t\t\t<\/div>\n\t\t\t\t<div class=\"elementor-element elementor-element-f6f2af1 elementor-widget-divider--view-line elementor-widget elementor-widget-divider\" data-id=\"f6f2af1\" data-element_type=\"widget\" data-widget_type=\"divider.default\">\n\t\t\t\t<div class=\"elementor-widget-container\">\n\t\t\t\t\t<div class=\"elementor-divider\">\n\t\t\t<span class=\"elementor-divider-separator\">\n\t\t\t\t\t\t<\/span>\n\t\t<\/div>\n\t\t\t\t<\/div>\n\t\t\t\t<\/div>\n\t\t\t\t<div class=\"elementor-element elementor-element-57b4cf6b elementor-widget elementor-widget-heading\" data-id=\"57b4cf6b\" data-element_type=\"widget\" data-widget_type=\"heading.default\">\n\t\t\t\t<div class=\"elementor-widget-container\">\n\t\t\t<p class=\"elementor-heading-title elementor-size-default\">Nous vous proposons un large choix de produits d\u00e9riv\u00e9s d'exception<\/p>\t\t<\/div>\n\t\t\t\t<\/div>\n\t\t\t\t<div class=\"elementor-element elementor-element-9d05ca6 elementor-align-left elementor-mobile-align-center elementor-invisible elementor-widget elementor-widget-button\" data-id=\"9d05ca6\" data-element_type=\"widget\" data-settings=\"{&quot;_animation&quot;:&quot;fadeInUp&quot;}\" data-widget_type=\"button.default\">\n\t\t\t\t<div class=\"elementor-widget-container\">\n\t\t\t\t\t<div class=\"elementor-button-wrapper\">\n\t\t\t<a href=\"http:\/\/www.tartufissimo.be\/index.php\/specialites-truffees\" class=\"elementor-button-link elementor-button elementor-size-lg elementor-animation-bob\" role=\"button\">\n\t\t\t\t\t\t<span class=\"elementor-button-content-wrapper\">\n\t\t\t\t\t\t<span class=\"elementor-button-text\">Voir nos sp\u00e9cialit\u00e9s truff\u00e9es<\/span>\n\t\t<\/span>\n\t\t\t\t\t<\/a>\n\t\t<\/div>\n\t\t\t\t<\/div>\n\t\t\t\t<\/div>\n\t\t\t\t\t<\/div>\n\t\t<\/div>\n\t\t\t\t\t\t\t<\/div>\n\t\t<\/section>\n\t\t\t\t\t<\/div>\n\t\t<\/div>\n\t\t\t\t<div class=\"elementor-column elementor-col-50 elementor-top-column elementor-element elementor-element-8b8e32f\" data-id=\"8b8e32f\" data-element_type=\"column\">\n\t\t\t<div class=\"elementor-widget-wrap elementor-element-populated\">\n\t\t\t\t\t\t\t\t<section class=\"elementor-section elementor-inner-section elementor-element elementor-element-7e7cb02 elementor-section-boxed elementor-section-height-default elementor-section-height-default\" data-id=\"7e7cb02\" data-element_type=\"section\" data-settings=\"{&quot;background_background&quot;:&quot;classic&quot;}\">\n\t\t\t\t\t\t<div class=\"elementor-container elementor-column-gap-default\">\n\t\t\t\t\t<div class=\"elementor-column elementor-col-100 elementor-inner-column elementor-element elementor-element-c255d26\" data-id=\"c255d26\" data-element_type=\"column\">\n\t\t\t<div class=\"elementor-widget-wrap elementor-element-populated\">\n\t\t\t\t\t\t\t\t<div class=\"elementor-element elementor-element-72013b9 elementor-widget elementor-widget-heading\" data-id=\"72013b9\" data-element_type=\"widget\" data-widget_type=\"heading.default\">\n\t\t\t\t<div class=\"elementor-widget-container\">\n\t\t\t<h2 class=\"elementor-heading-title elementor-size-default\">Truffes fra\u00eeches<\/h2>\t\t<\/div>\n\t\t\t\t<\/div>\n\t\t\t\t<div class=\"elementor-element elementor-element-33eab47 elementor-widget-divider--view-line elementor-widget elementor-widget-divider\" data-id=\"33eab47\" data-element_type=\"widget\" data-widget_type=\"divider.default\">\n\t\t\t\t<div class=\"elementor-widget-container\">\n\t\t\t\t\t<div class=\"elementor-divider\">\n\t\t\t<span class=\"elementor-divider-separator\">\n\t\t\t\t\t\t<\/span>\n\t\t<\/div>\n\t\t\t\t<\/div>\n\t\t\t\t<\/div>\n\t\t\t\t<div class=\"elementor-element elementor-element-8631ac9 elementor-widget elementor-widget-heading\" data-id=\"8631ac9\" data-element_type=\"widget\" data-widget_type=\"heading.default\">\n\t\t\t\t<div class=\"elementor-widget-container\">\n\t\t\t<p class=\"elementor-heading-title elementor-size-default\">Nous vous proposons des truffes fra\u00eeches de nos terres selon la disponibilit\u00e9 et la saison<\/p>\t\t<\/div>\n\t\t\t\t<\/div>\n\t\t\t\t<div class=\"elementor-element elementor-element-dcbc4e6 elementor-align-left elementor-mobile-align-center elementor-invisible elementor-widget elementor-widget-button\" data-id=\"dcbc4e6\" data-element_type=\"widget\" data-settings=\"{&quot;_animation&quot;:&quot;fadeInUp&quot;}\" data-widget_type=\"button.default\">\n\t\t\t\t<div class=\"elementor-widget-container\">\n\t\t\t\t\t<div class=\"elementor-button-wrapper\">\n\t\t\t<a href=\"http:\/\/www.tartufissimo.be\/index.php\/truffes-fraiches\" class=\"elementor-button-link elementor-button elementor-size-lg elementor-animation-bob\" role=\"button\">\n\t\t\t\t\t\t<span class=\"elementor-button-content-wrapper\">\n\t\t\t\t\t\t<span class=\"elementor-button-text\">Voir nos truffes fra\u00eeches<\/span>\n\t\t<\/span>\n\t\t\t\t\t<\/a>\n\t\t<\/div>\n\t\t\t\t<\/div>\n\t\t\t\t<\/div>\n\t\t\t\t\t<\/div>\n\t\t<\/div>\n\t\t\t\t\t\t\t<\/div>\n\t\t<\/section>\n\t\t\t\t\t<\/div>\n\t\t<\/div>\n\t\t\t\t\t\t\t<\/div>\n\t\t<\/section>\n\t\t\t\t\t\t\t<\/div>\n\t\t","protected":false},"excerpt":{"rendered":"<p>Nos produits Tartufissimo vous pr\u00e9sente sa gamme de produits, en esp\u00e9rant que nous vous offrirons des d\u00e9gustations pleines de souvenirs et remplies de go\u00fbts, d\u2019amour et de partage Sp\u00e9cialit\u00e9s truff\u00e9es Nous vous proposons un large choix de produits d\u00e9riv\u00e9s d&rsquo;exception Voir nos sp\u00e9cialit\u00e9s truff\u00e9es Truffes fra\u00eeches Nous vous proposons des truffes fra\u00eeches de nos terres [&hellip;]<\/p>\n","protected":false},"author":1,"featured_media":0,"parent":0,"menu_order":0,"comment_status":"closed","ping_status":"closed","template":"","meta":{"_monsterinsights_skip_tracking":false,"_monsterinsights_sitenote_active":false,"_monsterinsights_sitenote_note":"","_monsterinsights_sitenote_category":0},"yoast_head":"<!-- This site is optimized with the Yoast SEO plugin v16.3 - https:\/\/yoast.com\/wordpress\/plugins\/seo\/ -->\n<title>Nos Produits - Tartufissimo<\/title>\n<meta name=\"robots\" content=\"index, follow, max-snippet:-1, max-image-preview:large, max-video-preview:-1\" \/>\n<link rel=\"canonical\" href=\"http:\/\/www.tartufissimo.be\/index.php\/nos-produits\/\" \/>\n<meta name=\"twitter:card\" content=\"summary_large_image\" \/>\n<meta name=\"twitter:title\" content=\"Nos Produits - Tartufissimo\" \/>\n<meta name=\"twitter:description\" content=\"Nos produits Tartufissimo vous pr\u00e9sente sa gamme de produits, en esp\u00e9rant que nous vous offrirons des d\u00e9gustations pleines de souvenirs et remplies de go\u00fbts, d\u2019amour et de partage Sp\u00e9cialit\u00e9s truff\u00e9es Nous vous proposons un large choix de produits d\u00e9riv\u00e9s d&rsquo;exception Voir nos sp\u00e9cialit\u00e9s truff\u00e9es Truffes fra\u00eeches Nous vous proposons des truffes fra\u00eeches de nos terres [&hellip;]\" \/>\n<script type=\"application\/ld+json\" class=\"yoast-schema-graph\">{\"@context\":\"https:\/\/schema.org\",\"@graph\":[{\"@type\":\"Organization\",\"@id\":\"http:\/\/www.tartufissimo.be\/#organization\",\"name\":\"Tartufissimo\",\"url\":\"http:\/\/www.tartufissimo.be\/\",\"sameAs\":[\"https:\/\/www.facebook.com\/Tartufissimo-100876648828004\",\"https:\/\/www.instagram.com\/tartufissimocm\/\"],\"logo\":{\"@type\":\"ImageObject\",\"@id\":\"http:\/\/www.tartufissimo.be\/#logo\",\"inLanguage\":\"fr-FR\",\"url\":\"http:\/\/www.tartufissimo.be\/wp-content\/uploads\/2021\/05\/tartufissmo-fond-fonce\\u0301.png\",\"contentUrl\":\"http:\/\/www.tartufissimo.be\/wp-content\/uploads\/2021\/05\/tartufissmo-fond-fonce\\u0301.png\",\"width\":1701,\"height\":418,\"caption\":\"Tartufissimo\"},\"image\":{\"@id\":\"http:\/\/www.tartufissimo.be\/#logo\"}},{\"@type\":\"WebSite\",\"@id\":\"http:\/\/www.tartufissimo.be\/#website\",\"url\":\"http:\/\/www.tartufissimo.be\/\",\"name\":\"Tartufissimo\",\"description\":\"Vente de truffes fra\\u00eeches et produits d\\u00e9riv\\u00e9s d&#039;exception\",\"publisher\":{\"@id\":\"http:\/\/www.tartufissimo.be\/#organization\"},\"potentialAction\":[{\"@type\":\"SearchAction\",\"target\":\"http:\/\/www.tartufissimo.be\/?s={search_term_string}\",\"query-input\":\"required name=search_term_string\"}],\"inLanguage\":\"fr-FR\"},{\"@type\":\"WebPage\",\"@id\":\"http:\/\/www.tartufissimo.be\/index.php\/nos-produits\/#webpage\",\"url\":\"http:\/\/www.tartufissimo.be\/index.php\/nos-produits\/\",\"name\":\"Nos Produits - Tartufissimo\",\"isPartOf\":{\"@id\":\"http:\/\/www.tartufissimo.be\/#website\"},\"datePublished\":\"2021-04-11T10:03:06+00:00\",\"dateModified\":\"2021-05-13T12:54:45+00:00\",\"breadcrumb\":{\"@id\":\"http:\/\/www.tartufissimo.be\/index.php\/nos-produits\/#breadcrumb\"},\"inLanguage\":\"fr-FR\",\"potentialAction\":[{\"@type\":\"ReadAction\",\"target\":[\"http:\/\/www.tartufissimo.be\/index.php\/nos-produits\/\"]}]},{\"@type\":\"BreadcrumbList\",\"@id\":\"http:\/\/www.tartufissimo.be\/index.php\/nos-produits\/#breadcrumb\",\"itemListElement\":[{\"@type\":\"ListItem\",\"position\":1,\"item\":{\"@type\":\"WebPage\",\"@id\":\"http:\/\/www.tartufissimo.be\/\",\"url\":\"http:\/\/www.tartufissimo.be\/\",\"name\":\"Accueil\"}},{\"@type\":\"ListItem\",\"position\":2,\"item\":{\"@id\":\"http:\/\/www.tartufissimo.be\/index.php\/nos-produits\/#webpage\"}}]}]}<\/script>\n<!-- \/ Yoast SEO plugin. -->","_links":{"self":[{"href":"https:\/\/www.tartufissimo.be\/index.php\/wp-json\/wp\/v2\/pages\/1104"}],"collection":[{"href":"https:\/\/www.tartufissimo.be\/index.php\/wp-json\/wp\/v2\/pages"}],"about":[{"href":"https:\/\/www.tartufissimo.be\/index.php\/wp-json\/wp\/v2\/types\/page"}],"author":[{"embeddable":true,"href":"https:\/\/www.tartufissimo.be\/index.php\/wp-json\/wp\/v2\/users\/1"}],"replies":[{"embeddable":true,"href":"https:\/\/www.tartufissimo.be\/index.php\/wp-json\/wp\/v2\/comments?post=1104"}],"version-history":[{"count":85,"href":"https:\/\/www.tartufissimo.be\/index.php\/wp-json\/wp\/v2\/pages\/1104\/revisions"}],"predecessor-version":[{"id":2088,"href":"https:\/\/www.tartufissimo.be\/index.php\/wp-json\/wp\/v2\/pages\/1104\/revisions\/2088"}],"wp:attachment":[{"href":"https:\/\/www.tartufissimo.be\/index.php\/wp-json\/wp\/v2\/media?parent=1104"}],"curies":[{"name":"wp","href":"https:\/\/api.w.org\/{rel}","templated":true}]}}