{"id":1110,"date":"2021-04-11T12:03:53","date_gmt":"2021-04-11T10:03:53","guid":{"rendered":"http:\/\/www.tartufissimo.be\/?page_id=1110"},"modified":"2021-05-26T16:05:10","modified_gmt":"2021-05-26T14:05:10","slug":"truffes-fraiches","status":"publish","type":"page","link":"https:\/\/www.tartufissimo.be\/index.php\/nos-produits\/truffes-fraiches\/","title":{"rendered":"Truffes fra\u00eeches"},"content":{"rendered":"\t\t<div data-elementor-type=\"wp-page\" data-elementor-id=\"1110\" class=\"elementor elementor-1110\">\n\t\t\t\t\t\t\t\t\t<section class=\"elementor-section elementor-top-section elementor-element elementor-element-777267e elementor-section-height-min-height elementor-section-boxed elementor-section-height-default elementor-section-items-middle\" data-id=\"777267e\" data-element_type=\"section\" data-settings=\"{&quot;background_background&quot;:&quot;classic&quot;}\">\n\t\t\t\t\t\t\t<div class=\"elementor-background-overlay\"><\/div>\n\t\t\t\t\t\t\t<div class=\"elementor-container elementor-column-gap-default\">\n\t\t\t\t\t<div class=\"elementor-column elementor-col-100 elementor-top-column elementor-element elementor-element-68096bf5\" data-id=\"68096bf5\" data-element_type=\"column\">\n\t\t\t<div class=\"elementor-widget-wrap elementor-element-populated\">\n\t\t\t\t\t\t\t\t<div class=\"elementor-element elementor-element-1b59946d elementor-widget elementor-widget-heading\" data-id=\"1b59946d\" data-element_type=\"widget\" data-widget_type=\"heading.default\">\n\t\t\t\t<div class=\"elementor-widget-container\">\n\t\t\t<h1 class=\"elementor-heading-title elementor-size-large\">Truffes fra\u00eeches<\/h1>\t\t<\/div>\n\t\t\t\t<\/div>\n\t\t\t\t<div class=\"elementor-element elementor-element-2e04a8e6 elementor-widget-divider--view-line elementor-widget elementor-widget-divider\" data-id=\"2e04a8e6\" data-element_type=\"widget\" data-widget_type=\"divider.default\">\n\t\t\t\t<div class=\"elementor-widget-container\">\n\t\t\t\t\t<div class=\"elementor-divider\">\n\t\t\t<span class=\"elementor-divider-separator\">\n\t\t\t\t\t\t<\/span>\n\t\t<\/div>\n\t\t\t\t<\/div>\n\t\t\t\t<\/div>\n\t\t\t\t<div class=\"elementor-element elementor-element-79f19155 elementor-widget elementor-widget-text-editor\" data-id=\"79f19155\" data-element_type=\"widget\" data-widget_type=\"text-editor.default\">\n\t\t\t\t<div class=\"elementor-widget-container\">\n\t\t\t\t\t\t\t<p>Tartufissimo vous pr\u00e9sente sa gamme de produits, en esp\u00e9rant que nous vous offrirons des d\u00e9gustations pleines de souvenirs et remplies de go\u00fbts, d\u2019amour et de partage<\/p>\t\t\t\t\t\t<\/div>\n\t\t\t\t<\/div>\n\t\t\t\t\t<\/div>\n\t\t<\/div>\n\t\t\t\t\t\t\t<\/div>\n\t\t<\/section>\n\t\t\t\t<section class=\"elementor-section elementor-top-section elementor-element elementor-element-c49ad5b elementor-section-boxed elementor-section-height-default elementor-section-height-default\" data-id=\"c49ad5b\" data-element_type=\"section\" data-settings=\"{&quot;background_background&quot;:&quot;classic&quot;}\">\n\t\t\t\t\t\t<div class=\"elementor-container elementor-column-gap-default\">\n\t\t\t\t\t<div class=\"elementor-column elementor-col-100 elementor-top-column elementor-element elementor-element-9dfc566\" data-id=\"9dfc566\" data-element_type=\"column\">\n\t\t\t<div class=\"elementor-widget-wrap elementor-element-populated\">\n\t\t\t\t\t\t\t\t<div class=\"elementor-element elementor-element-579b841 elementor-widget elementor-widget-heading\" data-id=\"579b841\" data-element_type=\"widget\" data-widget_type=\"heading.default\">\n\t\t\t\t<div class=\"elementor-widget-container\">\n\t\t\t<h2 class=\"elementor-heading-title elementor-size-default\">Vous souhaitez passer une commande ?<\/h2>\t\t<\/div>\n\t\t\t\t<\/div>\n\t\t\t\t<div class=\"elementor-element elementor-element-2b2b1fc elementor-widget elementor-widget-text-editor\" data-id=\"2b2b1fc\" data-element_type=\"widget\" data-widget_type=\"text-editor.default\">\n\t\t\t\t<div class=\"elementor-widget-container\">\n\t\t\t\t\t\t\t<p>Veuillez utiliser le formulaire de contact pr\u00e9vu \u00e0 cet effet dans notre page \u00ab\u00a0Contact\u00a0\u00bb.<\/p>\t\t\t\t\t\t<\/div>\n\t\t\t\t<\/div>\n\t\t\t\t<div class=\"elementor-element elementor-element-1eaa66c elementor-align-center elementor-mobile-align-center elementor-invisible elementor-widget elementor-widget-button\" data-id=\"1eaa66c\" data-element_type=\"widget\" data-settings=\"{&quot;_animation&quot;:&quot;fadeInUp&quot;}\" data-widget_type=\"button.default\">\n\t\t\t\t<div class=\"elementor-widget-container\">\n\t\t\t\t\t<div class=\"elementor-button-wrapper\">\n\t\t\t<a href=\"http:\/\/www.tartufissimo.be\/index.php\/contact\/\" class=\"elementor-button-link elementor-button elementor-size-md elementor-animation-bob\" role=\"button\">\n\t\t\t\t\t\t<span class=\"elementor-button-content-wrapper\">\n\t\t\t\t\t\t<span class=\"elementor-button-text\">Passer une commande<\/span>\n\t\t<\/span>\n\t\t\t\t\t<\/a>\n\t\t<\/div>\n\t\t\t\t<\/div>\n\t\t\t\t<\/div>\n\t\t\t\t\t<\/div>\n\t\t<\/div>\n\t\t\t\t\t\t\t<\/div>\n\t\t<\/section>\n\t\t\t\t<section class=\"elementor-section elementor-top-section elementor-element elementor-element-e1e2f1a elementor-section-height-full elementor-section-items-top elementor-section-boxed elementor-section-height-default\" data-id=\"e1e2f1a\" data-element_type=\"section\" data-settings=\"{&quot;background_background&quot;:&quot;classic&quot;}\">\n\t\t\t\t\t\t<div class=\"elementor-container elementor-column-gap-default\">\n\t\t\t\t\t<div class=\"elementor-column elementor-col-100 elementor-top-column elementor-element elementor-element-138e27d8\" data-id=\"138e27d8\" data-element_type=\"column\">\n\t\t\t<div class=\"elementor-widget-wrap elementor-element-populated\">\n\t\t\t\t\t\t\t\t<section class=\"elementor-section elementor-inner-section elementor-element elementor-element-57b2ce39 elementor-section-content-top elementor-section-boxed elementor-section-height-default elementor-section-height-default\" data-id=\"57b2ce39\" data-element_type=\"section\" data-settings=\"{&quot;background_background&quot;:&quot;classic&quot;}\">\n\t\t\t\t\t\t<div class=\"elementor-container elementor-column-gap-default\">\n\t\t\t\t\t<div class=\"elementor-column elementor-col-50 elementor-inner-column elementor-element elementor-element-1426f57\" data-id=\"1426f57\" data-element_type=\"column\">\n\t\t\t<div class=\"elementor-widget-wrap elementor-element-populated\">\n\t\t\t\t\t\t\t\t<div class=\"elementor-element elementor-element-3ec490df elementor-widget elementor-widget-image\" data-id=\"3ec490df\" data-element_type=\"widget\" data-widget_type=\"image.default\">\n\t\t\t\t<div class=\"elementor-widget-container\">\n\t\t\t\t\t\t\t\t\t\t\t\t\t\t\t<img width=\"1024\" height=\"756\" src=\"https:\/\/www.tartufissimo.be\/wp-content\/uploads\/2021\/05\/5c091ec62c6641059597e3b2-1-1024x756.png\" class=\"attachment-large size-large\" alt=\"Truffes fra\u00eeches - Tartufissimo\" loading=\"lazy\" srcset=\"https:\/\/www.tartufissimo.be\/wp-content\/uploads\/2021\/05\/5c091ec62c6641059597e3b2-1-1024x756.png 1024w, https:\/\/www.tartufissimo.be\/wp-content\/uploads\/2021\/05\/5c091ec62c6641059597e3b2-1-300x221.png 300w, https:\/\/www.tartufissimo.be\/wp-content\/uploads\/2021\/05\/5c091ec62c6641059597e3b2-1-768x567.png 768w, https:\/\/www.tartufissimo.be\/wp-content\/uploads\/2021\/05\/5c091ec62c6641059597e3b2-1-1536x1133.png 1536w, https:\/\/www.tartufissimo.be\/wp-content\/uploads\/2021\/05\/5c091ec62c6641059597e3b2-1-2048x1511.png 2048w\" sizes=\"(max-width: 1024px) 100vw, 1024px\" \/>\t\t\t\t\t\t\t\t\t\t\t\t\t\t\t<\/div>\n\t\t\t\t<\/div>\n\t\t\t\t\t<\/div>\n\t\t<\/div>\n\t\t\t\t<div class=\"elementor-column elementor-col-50 elementor-inner-column elementor-element elementor-element-28a6b508\" data-id=\"28a6b508\" data-element_type=\"column\">\n\t\t\t<div class=\"elementor-widget-wrap elementor-element-populated\">\n\t\t\t\t\t\t\t\t<div class=\"elementor-element elementor-element-fdf2c17 elementor-widget elementor-widget-heading\" data-id=\"fdf2c17\" data-element_type=\"widget\" data-widget_type=\"heading.default\">\n\t\t\t\t<div class=\"elementor-widget-container\">\n\t\t\t<h2 class=\"elementor-heading-title elementor-size-default\">Truffes fra\u00eeches<\/h2>\t\t<\/div>\n\t\t\t\t<\/div>\n\t\t\t\t<div class=\"elementor-element elementor-element-671bba45 elementor-widget-divider--view-line elementor-widget elementor-widget-divider\" data-id=\"671bba45\" data-element_type=\"widget\" data-widget_type=\"divider.default\">\n\t\t\t\t<div class=\"elementor-widget-container\">\n\t\t\t\t\t<div class=\"elementor-divider\">\n\t\t\t<span class=\"elementor-divider-separator\">\n\t\t\t\t\t\t<\/span>\n\t\t<\/div>\n\t\t\t\t<\/div>\n\t\t\t\t<\/div>\n\t\t\t\t<div class=\"elementor-element elementor-element-4d617016 elementor-widget elementor-widget-text-editor\" data-id=\"4d617016\" data-element_type=\"widget\" data-widget_type=\"text-editor.default\">\n\t\t\t\t<div class=\"elementor-widget-container\">\n\t\t\t\t\t\t\t<p>Truffes fra\u00eeches disponibles sur commande (livraison 1 fois par semaine).<\/p><p>Contactez-nous pour obtenir les informations sur les prix et les disponibilit\u00e9s. Cela varie selon la saison et le type de truffe.<\/p>\t\t\t\t\t\t<\/div>\n\t\t\t\t<\/div>\n\t\t\t\t\t<\/div>\n\t\t<\/div>\n\t\t\t\t\t\t\t<\/div>\n\t\t<\/section>\n\t\t\t\t\t<\/div>\n\t\t<\/div>\n\t\t\t\t\t\t\t<\/div>\n\t\t<\/section>\n\t\t\t\t\t\t\t<\/div>\n\t\t","protected":false},"excerpt":{"rendered":"<p>Truffes fra\u00eeches Tartufissimo vous pr\u00e9sente sa gamme de produits, en esp\u00e9rant que nous vous offrirons des d\u00e9gustations pleines de souvenirs et remplies de go\u00fbts, d\u2019amour et de partage Vous souhaitez passer une commande ? Veuillez utiliser le formulaire de contact pr\u00e9vu \u00e0 cet effet dans notre page \u00ab\u00a0Contact\u00a0\u00bb. Passer une commande Truffes fra\u00eeches Truffes fra\u00eeches [&hellip;]<\/p>\n","protected":false},"author":1,"featured_media":0,"parent":1104,"menu_order":0,"comment_status":"closed","ping_status":"closed","template":"","meta":{"_monsterinsights_skip_tracking":false,"_monsterinsights_sitenote_active":false,"_monsterinsights_sitenote_note":"","_monsterinsights_sitenote_category":0},"yoast_head":"<!-- This site is optimized with the Yoast SEO plugin v16.3 - https:\/\/yoast.com\/wordpress\/plugins\/seo\/ -->\n<title>Truffes fra\u00eeches - Tartufissimo<\/title>\n<meta name=\"robots\" content=\"index, follow, max-snippet:-1, max-image-preview:large, max-video-preview:-1\" \/>\n<link rel=\"canonical\" href=\"http:\/\/www.tartufissimo.be\/index.php\/nos-produits\/truffes-fraiches\/\" \/>\n<meta name=\"twitter:card\" content=\"summary_large_image\" \/>\n<meta name=\"twitter:title\" content=\"Truffes fra\u00eeches - Tartufissimo\" \/>\n<meta name=\"twitter:description\" content=\"Truffes fra\u00eeches Tartufissimo vous pr\u00e9sente sa gamme de produits, en esp\u00e9rant que nous vous offrirons des d\u00e9gustations pleines de souvenirs et remplies de go\u00fbts, d\u2019amour et de partage Vous souhaitez passer une commande ? Veuillez utiliser le formulaire de contact pr\u00e9vu \u00e0 cet effet dans notre page \u00ab\u00a0Contact\u00a0\u00bb. Passer une commande Truffes fra\u00eeches Truffes fra\u00eeches [&hellip;]\" \/>\n<meta name=\"twitter:image\" content=\"http:\/\/www.tartufissimo.be\/wp-content\/uploads\/2021\/05\/5c091ec62c6641059597e3b2-1-1024x756.png\" \/>\n<script type=\"application\/ld+json\" class=\"yoast-schema-graph\">{\"@context\":\"https:\/\/schema.org\",\"@graph\":[{\"@type\":\"Organization\",\"@id\":\"http:\/\/www.tartufissimo.be\/#organization\",\"name\":\"Tartufissimo\",\"url\":\"http:\/\/www.tartufissimo.be\/\",\"sameAs\":[\"https:\/\/www.facebook.com\/Tartufissimo-100876648828004\",\"https:\/\/www.instagram.com\/tartufissimocm\/\"],\"logo\":{\"@type\":\"ImageObject\",\"@id\":\"http:\/\/www.tartufissimo.be\/#logo\",\"inLanguage\":\"fr-FR\",\"url\":\"http:\/\/www.tartufissimo.be\/wp-content\/uploads\/2021\/05\/tartufissmo-fond-fonce\\u0301.png\",\"contentUrl\":\"http:\/\/www.tartufissimo.be\/wp-content\/uploads\/2021\/05\/tartufissmo-fond-fonce\\u0301.png\",\"width\":1701,\"height\":418,\"caption\":\"Tartufissimo\"},\"image\":{\"@id\":\"http:\/\/www.tartufissimo.be\/#logo\"}},{\"@type\":\"WebSite\",\"@id\":\"http:\/\/www.tartufissimo.be\/#website\",\"url\":\"http:\/\/www.tartufissimo.be\/\",\"name\":\"Tartufissimo\",\"description\":\"Vente de truffes fra\\u00eeches et produits d\\u00e9riv\\u00e9s d&#039;exception\",\"publisher\":{\"@id\":\"http:\/\/www.tartufissimo.be\/#organization\"},\"potentialAction\":[{\"@type\":\"SearchAction\",\"target\":\"http:\/\/www.tartufissimo.be\/?s={search_term_string}\",\"query-input\":\"required name=search_term_string\"}],\"inLanguage\":\"fr-FR\"},{\"@type\":\"ImageObject\",\"@id\":\"http:\/\/www.tartufissimo.be\/index.php\/nos-produits\/truffes-fraiches\/#primaryimage\",\"inLanguage\":\"fr-FR\",\"url\":\"http:\/\/www.tartufissimo.be\/wp-content\/uploads\/2021\/05\/5c091ec62c6641059597e3b2-1-1024x756.png\",\"contentUrl\":\"http:\/\/www.tartufissimo.be\/wp-content\/uploads\/2021\/05\/5c091ec62c6641059597e3b2-1-1024x756.png\"},{\"@type\":\"WebPage\",\"@id\":\"http:\/\/www.tartufissimo.be\/index.php\/nos-produits\/truffes-fraiches\/#webpage\",\"url\":\"http:\/\/www.tartufissimo.be\/index.php\/nos-produits\/truffes-fraiches\/\",\"name\":\"Truffes fra\\u00eeches - Tartufissimo\",\"isPartOf\":{\"@id\":\"http:\/\/www.tartufissimo.be\/#website\"},\"primaryImageOfPage\":{\"@id\":\"http:\/\/www.tartufissimo.be\/index.php\/nos-produits\/truffes-fraiches\/#primaryimage\"},\"datePublished\":\"2021-04-11T10:03:53+00:00\",\"dateModified\":\"2021-05-26T14:05:10+00:00\",\"breadcrumb\":{\"@id\":\"http:\/\/www.tartufissimo.be\/index.php\/nos-produits\/truffes-fraiches\/#breadcrumb\"},\"inLanguage\":\"fr-FR\",\"potentialAction\":[{\"@type\":\"ReadAction\",\"target\":[\"http:\/\/www.tartufissimo.be\/index.php\/nos-produits\/truffes-fraiches\/\"]}]},{\"@type\":\"BreadcrumbList\",\"@id\":\"http:\/\/www.tartufissimo.be\/index.php\/nos-produits\/truffes-fraiches\/#breadcrumb\",\"itemListElement\":[{\"@type\":\"ListItem\",\"position\":1,\"item\":{\"@type\":\"WebPage\",\"@id\":\"http:\/\/www.tartufissimo.be\/\",\"url\":\"http:\/\/www.tartufissimo.be\/\",\"name\":\"Accueil\"}},{\"@type\":\"ListItem\",\"position\":2,\"item\":{\"@type\":\"WebPage\",\"@id\":\"http:\/\/www.tartufissimo.be\/index.php\/nos-produits\/\",\"url\":\"http:\/\/www.tartufissimo.be\/index.php\/nos-produits\/\",\"name\":\"Nos Produits\"}},{\"@type\":\"ListItem\",\"position\":3,\"item\":{\"@id\":\"http:\/\/www.tartufissimo.be\/index.php\/nos-produits\/truffes-fraiches\/#webpage\"}}]}]}<\/script>\n<!-- \/ Yoast SEO plugin. -->","_links":{"self":[{"href":"https:\/\/www.tartufissimo.be\/index.php\/wp-json\/wp\/v2\/pages\/1110"}],"collection":[{"href":"https:\/\/www.tartufissimo.be\/index.php\/wp-json\/wp\/v2\/pages"}],"about":[{"href":"https:\/\/www.tartufissimo.be\/index.php\/wp-json\/wp\/v2\/types\/page"}],"author":[{"embeddable":true,"href":"https:\/\/www.tartufissimo.be\/index.php\/wp-json\/wp\/v2\/users\/1"}],"replies":[{"embeddable":true,"href":"https:\/\/www.tartufissimo.be\/index.php\/wp-json\/wp\/v2\/comments?post=1110"}],"version-history":[{"count":55,"href":"https:\/\/www.tartufissimo.be\/index.php\/wp-json\/wp\/v2\/pages\/1110\/revisions"}],"predecessor-version":[{"id":2223,"href":"https:\/\/www.tartufissimo.be\/index.php\/wp-json\/wp\/v2\/pages\/1110\/revisions\/2223"}],"up":[{"embeddable":true,"href":"https:\/\/www.tartufissimo.be\/index.php\/wp-json\/wp\/v2\/pages\/1104"}],"wp:attachment":[{"href":"https:\/\/www.tartufissimo.be\/index.php\/wp-json\/wp\/v2\/media?parent=1110"}],"curies":[{"name":"wp","href":"https:\/\/api.w.org\/{rel}","templated":true}]}}