{"id":563,"date":"2021-03-12T18:05:59","date_gmt":"2021-03-12T17:05:59","guid":{"rendered":"http:\/\/www.tartufissimo.be\/?page_id=563"},"modified":"2021-05-26T16:04:35","modified_gmt":"2021-05-26T14:04:35","slug":"casa-minchilli","status":"publish","type":"page","link":"https:\/\/www.tartufissimo.be\/index.php\/casa-minchilli\/","title":{"rendered":"Casa Minchilli"},"content":{"rendered":"\t\t<div data-elementor-type=\"wp-post\" data-elementor-id=\"563\" class=\"elementor elementor-563\">\n\t\t\t\t\t\t\t\t\t<section class=\"elementor-section elementor-top-section elementor-element elementor-element-0d0aa30 elementor-section-height-min-height elementor-section-boxed elementor-section-height-default elementor-section-items-middle\" data-id=\"0d0aa30\" data-element_type=\"section\" data-settings=\"{&quot;background_background&quot;:&quot;classic&quot;}\">\n\t\t\t\t\t\t\t<div class=\"elementor-background-overlay\"><\/div>\n\t\t\t\t\t\t\t<div class=\"elementor-container elementor-column-gap-default\">\n\t\t\t\t\t<div class=\"elementor-column elementor-col-100 elementor-top-column elementor-element elementor-element-5dd1b6c2\" data-id=\"5dd1b6c2\" data-element_type=\"column\">\n\t\t\t<div class=\"elementor-widget-wrap elementor-element-populated\">\n\t\t\t\t\t\t\t\t<div class=\"elementor-element elementor-element-78b7f42c elementor-widget elementor-widget-heading\" data-id=\"78b7f42c\" data-element_type=\"widget\" data-widget_type=\"heading.default\">\n\t\t\t\t<div class=\"elementor-widget-container\">\n\t\t\t<h1 class=\"elementor-heading-title elementor-size-large\">Casa Minchilli<\/h1>\t\t<\/div>\n\t\t\t\t<\/div>\n\t\t\t\t<div class=\"elementor-element elementor-element-64f94d91 elementor-widget-divider--view-line elementor-widget elementor-widget-divider\" data-id=\"64f94d91\" data-element_type=\"widget\" data-widget_type=\"divider.default\">\n\t\t\t\t<div class=\"elementor-widget-container\">\n\t\t\t\t\t<div class=\"elementor-divider\">\n\t\t\t<span class=\"elementor-divider-separator\">\n\t\t\t\t\t\t<\/span>\n\t\t<\/div>\n\t\t\t\t<\/div>\n\t\t\t\t<\/div>\n\t\t\t\t<div class=\"elementor-element elementor-element-6cfd9c62 elementor-widget elementor-widget-text-editor\" data-id=\"6cfd9c62\" data-element_type=\"widget\" data-widget_type=\"text-editor.default\">\n\t\t\t\t<div class=\"elementor-widget-container\">\n\t\t\t\t\t\t\t<p>C\u2019est ici que tout se passe, Guardiabruna, la terre de nos anc\u00eatres<\/p>\t\t\t\t\t\t<\/div>\n\t\t\t\t<\/div>\n\t\t\t\t\t<\/div>\n\t\t<\/div>\n\t\t\t\t\t\t\t<\/div>\n\t\t<\/section>\n\t\t\t\t<section class=\"elementor-section elementor-top-section elementor-element elementor-element-5299444 elementor-section-boxed elementor-section-height-default elementor-section-height-default\" data-id=\"5299444\" data-element_type=\"section\" data-settings=\"{&quot;background_background&quot;:&quot;classic&quot;}\">\n\t\t\t\t\t\t<div class=\"elementor-container elementor-column-gap-default\">\n\t\t\t\t\t<div class=\"elementor-column elementor-col-50 elementor-top-column elementor-element elementor-element-2f369f0\" data-id=\"2f369f0\" data-element_type=\"column\">\n\t\t\t<div class=\"elementor-widget-wrap\">\n\t\t\t\t\t\t\t\t\t<\/div>\n\t\t<\/div>\n\t\t\t\t<div class=\"elementor-column elementor-col-50 elementor-top-column elementor-element elementor-element-175b3ed\" data-id=\"175b3ed\" data-element_type=\"column\">\n\t\t\t<div class=\"elementor-widget-wrap elementor-element-populated\">\n\t\t\t\t\t\t\t\t<div class=\"elementor-element elementor-element-d9b4c07 elementor-widget elementor-widget-image\" data-id=\"d9b4c07\" data-element_type=\"widget\" data-widget_type=\"image.default\">\n\t\t\t\t<div class=\"elementor-widget-container\">\n\t\t\t\t\t\t\t\t\t\t\t\t\t\t\t<img width=\"746\" height=\"502\" src=\"https:\/\/www.tartufissimo.be\/wp-content\/uploads\/2021\/04\/Capture-de\u0301cran-2021-04-26-a\u0300-11.36.43.png\" class=\"attachment-full size-full\" alt=\"Guardiabruna - Tartufissimo\" loading=\"lazy\" srcset=\"https:\/\/www.tartufissimo.be\/wp-content\/uploads\/2021\/04\/Capture-de\u0301cran-2021-04-26-a\u0300-11.36.43.png 746w, https:\/\/www.tartufissimo.be\/wp-content\/uploads\/2021\/04\/Capture-de\u0301cran-2021-04-26-a\u0300-11.36.43-300x202.png 300w\" sizes=\"(max-width: 746px) 100vw, 746px\" \/>\t\t\t\t\t\t\t\t\t\t\t\t\t\t\t<\/div>\n\t\t\t\t<\/div>\n\t\t\t\t\t<\/div>\n\t\t<\/div>\n\t\t\t\t\t\t\t<\/div>\n\t\t<\/section>\n\t\t\t\t<section class=\"elementor-section elementor-top-section elementor-element elementor-element-2bc7302 elementor-section-content-middle elementor-section-boxed elementor-section-height-default elementor-section-height-default\" data-id=\"2bc7302\" data-element_type=\"section\" data-settings=\"{&quot;background_background&quot;:&quot;classic&quot;}\">\n\t\t\t\t\t\t<div class=\"elementor-container elementor-column-gap-default\">\n\t\t\t\t\t<div class=\"elementor-column elementor-col-50 elementor-top-column elementor-element elementor-element-17fd69b\" data-id=\"17fd69b\" data-element_type=\"column\" data-settings=\"{&quot;background_background&quot;:&quot;classic&quot;}\">\n\t\t\t<div class=\"elementor-widget-wrap elementor-element-populated\">\n\t\t\t\t\t\t\t\t<div class=\"elementor-element elementor-element-c97dc50 elementor-widget elementor-widget-heading\" data-id=\"c97dc50\" data-element_type=\"widget\" data-widget_type=\"heading.default\">\n\t\t\t\t<div class=\"elementor-widget-container\">\n\t\t\t<h2 class=\"elementor-heading-title elementor-size-default\">Guardiabruna Citt\u00e0 del Tartufo<\/h2>\t\t<\/div>\n\t\t\t\t<\/div>\n\t\t\t\t<div class=\"elementor-element elementor-element-606925b elementor-widget elementor-widget-text-editor\" data-id=\"606925b\" data-element_type=\"widget\" data-widget_type=\"text-editor.default\">\n\t\t\t\t<div class=\"elementor-widget-container\">\n\t\t\t\t\t\t\t<p>Un petit village perch\u00e9 sur une montagne presque inaccessible, situ\u00e9 dans la r\u00e9gion des Abruzzes, entre la cha\u00eene des montagnes Apennins et la c\u00f4te Adriatique. L\u00e0 o\u00f9 la bont\u00e9 de ses 400 habitants et le sens de la famille priment. Et c\u2019est d\u2019ailleurs l\u00e0-bas que se trouve la vraie \u00ab Casa Minchilli \u00bb, l\u2019h\u00e9ritage de nos anc\u00eatres depuis les ann\u00e9es 1700.<\/p><p>Voil\u00e0 d\u2019o\u00f9 nous provenons et o\u00f9 est n\u00e9 Tartufissimo.<\/p><p>Les conditions climatiques et g\u00e9ographiques de Guardiabruna sont id\u00e9ales pour la croissance et la culture de tous les types de truffes. Biologiquement, la truffe requiert \u00e9norm\u00e9ment d\u2019exigences dont l\u2019altitude, le terrain, le climat\u2026 ce qui en fait sa raret\u00e9.<\/p><p>Notre h\u00e9ritage culturel nous a donn\u00e9 l\u2019envie de nous int\u00e9resser \u00e0 ce que l\u2019on a de plus pr\u00e9cieux sur nos terres, nos truffi\u00e8res.<\/p><p>Comme on l\u2019appelle chez nous, l\u2019Oro Nero, la truffe est un produit d\u2019exception. Nous nous devions de vous la partager.<\/p><p>C\u2019est en go\u00fbtant nos produits que vous allez voyager et avoir le privil\u00e8ge d\u2019int\u00e9grer la culture de notre beau pays.<\/p><p>Entrez dans l\u2019univers Tartufissimo et laissez-vous surprendre.<\/p>\t\t\t\t\t\t<\/div>\n\t\t\t\t<\/div>\n\t\t\t\t\t<\/div>\n\t\t<\/div>\n\t\t\t\t<div class=\"elementor-column elementor-col-50 elementor-top-column elementor-element elementor-element-9ea699c\" data-id=\"9ea699c\" data-element_type=\"column\" data-settings=\"{&quot;background_background&quot;:&quot;classic&quot;}\">\n\t\t\t<div class=\"elementor-widget-wrap\">\n\t\t\t\t\t\t\t\t\t<\/div>\n\t\t<\/div>\n\t\t\t\t\t\t\t<\/div>\n\t\t<\/section>\n\t\t\t\t<section class=\"elementor-section elementor-top-section elementor-element elementor-element-b0c28c0 elementor-section-full_width elementor-section-height-default elementor-section-height-default\" data-id=\"b0c28c0\" data-element_type=\"section\">\n\t\t\t\t\t\t<div class=\"elementor-container elementor-column-gap-default\">\n\t\t\t\t\t<div class=\"elementor-column elementor-col-100 elementor-top-column elementor-element elementor-element-57c8bd4\" data-id=\"57c8bd4\" data-element_type=\"column\">\n\t\t\t<div class=\"elementor-widget-wrap elementor-element-populated\">\n\t\t\t\t\t\t\t\t<div class=\"elementor-element elementor-element-c626ab8 elementor-widget elementor-widget-google_maps\" data-id=\"c626ab8\" data-element_type=\"widget\" data-widget_type=\"google_maps.default\">\n\t\t\t\t<div class=\"elementor-widget-container\">\n\t\t\t\t\t<div class=\"elementor-custom-embed\">\n\t\t\t<iframe frameborder=\"0\" scrolling=\"no\" marginheight=\"0\" marginwidth=\"0\"\n\t\t\t\t\tsrc=\"https:\/\/maps.google.com\/maps?q=Guardiabruna&#038;t=m&#038;z=10&#038;output=embed&#038;iwloc=near\"\n\t\t\t\t\ttitle=\"Guardiabruna\"\n\t\t\t\t\taria-label=\"Guardiabruna\"\n\t\t\t><\/iframe>\n\t\t<\/div>\n\t\t\t\t<\/div>\n\t\t\t\t<\/div>\n\t\t\t\t\t<\/div>\n\t\t<\/div>\n\t\t\t\t\t\t\t<\/div>\n\t\t<\/section>\n\t\t\t\t\t\t\t<\/div>\n\t\t","protected":false},"excerpt":{"rendered":"<p>Casa Minchilli C\u2019est ici que tout se passe, Guardiabruna, la terre de nos anc\u00eatres Guardiabruna Citt\u00e0 del Tartufo Un petit village perch\u00e9 sur une montagne presque inaccessible, situ\u00e9 dans la r\u00e9gion des Abruzzes, entre la cha\u00eene des montagnes Apennins et la c\u00f4te Adriatique. L\u00e0 o\u00f9 la bont\u00e9 de ses 400 habitants et le sens de [&hellip;]<\/p>\n","protected":false},"author":1,"featured_media":0,"parent":0,"menu_order":0,"comment_status":"closed","ping_status":"closed","template":"","meta":{"_monsterinsights_skip_tracking":false,"_monsterinsights_sitenote_active":false,"_monsterinsights_sitenote_note":"","_monsterinsights_sitenote_category":0},"yoast_head":"<!-- This site is optimized with the Yoast SEO plugin v16.3 - https:\/\/yoast.com\/wordpress\/plugins\/seo\/ -->\n<title>Casa Minchilli - Tartufissimo<\/title>\n<meta name=\"robots\" content=\"index, follow, max-snippet:-1, max-image-preview:large, max-video-preview:-1\" \/>\n<link rel=\"canonical\" href=\"http:\/\/www.tartufissimo.be\/index.php\/casa-minchilli\/\" \/>\n<meta name=\"twitter:card\" content=\"summary_large_image\" \/>\n<meta name=\"twitter:title\" content=\"Casa Minchilli - Tartufissimo\" \/>\n<meta name=\"twitter:description\" content=\"Casa Minchilli C\u2019est ici que tout se passe, Guardiabruna, la terre de nos anc\u00eatres Guardiabruna Citt\u00e0 del Tartufo Un petit village perch\u00e9 sur une montagne presque inaccessible, situ\u00e9 dans la r\u00e9gion des Abruzzes, entre la cha\u00eene des montagnes Apennins et la c\u00f4te Adriatique. L\u00e0 o\u00f9 la bont\u00e9 de ses 400 habitants et le sens de [&hellip;]\" \/>\n<meta name=\"twitter:image\" content=\"http:\/\/www.tartufissimo.be\/wp-content\/uploads\/2021\/04\/Capture-de\u0301cran-2021-04-26-a\u0300-11.36.43.png\" \/>\n<meta name=\"twitter:label1\" content=\"Dur\u00e9e de lecture est.\">\n\t<meta name=\"twitter:data1\" content=\"1 minute\">\n<script type=\"application\/ld+json\" class=\"yoast-schema-graph\">{\"@context\":\"https:\/\/schema.org\",\"@graph\":[{\"@type\":\"Organization\",\"@id\":\"http:\/\/www.tartufissimo.be\/#organization\",\"name\":\"Tartufissimo\",\"url\":\"http:\/\/www.tartufissimo.be\/\",\"sameAs\":[\"https:\/\/www.facebook.com\/Tartufissimo-100876648828004\",\"https:\/\/www.instagram.com\/tartufissimocm\/\"],\"logo\":{\"@type\":\"ImageObject\",\"@id\":\"http:\/\/www.tartufissimo.be\/#logo\",\"inLanguage\":\"fr-FR\",\"url\":\"http:\/\/www.tartufissimo.be\/wp-content\/uploads\/2021\/05\/tartufissmo-fond-fonce\\u0301.png\",\"contentUrl\":\"http:\/\/www.tartufissimo.be\/wp-content\/uploads\/2021\/05\/tartufissmo-fond-fonce\\u0301.png\",\"width\":1701,\"height\":418,\"caption\":\"Tartufissimo\"},\"image\":{\"@id\":\"http:\/\/www.tartufissimo.be\/#logo\"}},{\"@type\":\"WebSite\",\"@id\":\"http:\/\/www.tartufissimo.be\/#website\",\"url\":\"http:\/\/www.tartufissimo.be\/\",\"name\":\"Tartufissimo\",\"description\":\"Vente de truffes fra\\u00eeches et produits d\\u00e9riv\\u00e9s d&#039;exception\",\"publisher\":{\"@id\":\"http:\/\/www.tartufissimo.be\/#organization\"},\"potentialAction\":[{\"@type\":\"SearchAction\",\"target\":\"http:\/\/www.tartufissimo.be\/?s={search_term_string}\",\"query-input\":\"required name=search_term_string\"}],\"inLanguage\":\"fr-FR\"},{\"@type\":\"ImageObject\",\"@id\":\"http:\/\/www.tartufissimo.be\/index.php\/casa-minchilli\/#primaryimage\",\"inLanguage\":\"fr-FR\",\"url\":\"http:\/\/www.tartufissimo.be\/wp-content\/uploads\/2021\/04\/Capture-de\\u0301cran-2021-04-26-a\\u0300-11.36.43.png\",\"contentUrl\":\"http:\/\/www.tartufissimo.be\/wp-content\/uploads\/2021\/04\/Capture-de\\u0301cran-2021-04-26-a\\u0300-11.36.43.png\"},{\"@type\":\"WebPage\",\"@id\":\"http:\/\/www.tartufissimo.be\/index.php\/casa-minchilli\/#webpage\",\"url\":\"http:\/\/www.tartufissimo.be\/index.php\/casa-minchilli\/\",\"name\":\"Casa Minchilli - Tartufissimo\",\"isPartOf\":{\"@id\":\"http:\/\/www.tartufissimo.be\/#website\"},\"primaryImageOfPage\":{\"@id\":\"http:\/\/www.tartufissimo.be\/index.php\/casa-minchilli\/#primaryimage\"},\"datePublished\":\"2021-03-12T17:05:59+00:00\",\"dateModified\":\"2021-05-26T14:04:35+00:00\",\"breadcrumb\":{\"@id\":\"http:\/\/www.tartufissimo.be\/index.php\/casa-minchilli\/#breadcrumb\"},\"inLanguage\":\"fr-FR\",\"potentialAction\":[{\"@type\":\"ReadAction\",\"target\":[\"http:\/\/www.tartufissimo.be\/index.php\/casa-minchilli\/\"]}]},{\"@type\":\"BreadcrumbList\",\"@id\":\"http:\/\/www.tartufissimo.be\/index.php\/casa-minchilli\/#breadcrumb\",\"itemListElement\":[{\"@type\":\"ListItem\",\"position\":1,\"item\":{\"@type\":\"WebPage\",\"@id\":\"http:\/\/www.tartufissimo.be\/\",\"url\":\"http:\/\/www.tartufissimo.be\/\",\"name\":\"Accueil\"}},{\"@type\":\"ListItem\",\"position\":2,\"item\":{\"@id\":\"http:\/\/www.tartufissimo.be\/index.php\/casa-minchilli\/#webpage\"}}]}]}<\/script>\n<!-- \/ Yoast SEO plugin. -->","_links":{"self":[{"href":"https:\/\/www.tartufissimo.be\/index.php\/wp-json\/wp\/v2\/pages\/563"}],"collection":[{"href":"https:\/\/www.tartufissimo.be\/index.php\/wp-json\/wp\/v2\/pages"}],"about":[{"href":"https:\/\/www.tartufissimo.be\/index.php\/wp-json\/wp\/v2\/types\/page"}],"author":[{"embeddable":true,"href":"https:\/\/www.tartufissimo.be\/index.php\/wp-json\/wp\/v2\/users\/1"}],"replies":[{"embeddable":true,"href":"https:\/\/www.tartufissimo.be\/index.php\/wp-json\/wp\/v2\/comments?post=563"}],"version-history":[{"count":143,"href":"https:\/\/www.tartufissimo.be\/index.php\/wp-json\/wp\/v2\/pages\/563\/revisions"}],"predecessor-version":[{"id":2076,"href":"https:\/\/www.tartufissimo.be\/index.php\/wp-json\/wp\/v2\/pages\/563\/revisions\/2076"}],"wp:attachment":[{"href":"https:\/\/www.tartufissimo.be\/index.php\/wp-json\/wp\/v2\/media?parent=563"}],"curies":[{"name":"wp","href":"https:\/\/api.w.org\/{rel}","templated":true}]}}